{"id":130,"date":"2023-12-15T21:49:32","date_gmt":"2023-12-15T21:49:32","guid":{"rendered":"https:\/\/vitorlemos.pt\/?page_id=130"},"modified":"2024-02-20T20:04:29","modified_gmt":"2024-02-20T20:04:29","slug":"contactos","status":"publish","type":"page","link":"https:\/\/vitorlemos.pt\/index.php\/contactos\/","title":{"rendered":"Contactos"},"content":{"rendered":"\t\t<div data-elementor-type=\"wp-page\" data-elementor-id=\"130\" class=\"elementor elementor-130\">\n\t\t\t\t<div class=\"elementor-element elementor-element-4711fe4 e-flex e-con-boxed wpr-particle-no wpr-jarallax-no wpr-parallax-no wpr-sticky-section-no e-con e-parent\" data-id=\"4711fe4\" data-element_type=\"container\" data-settings=\"{&quot;container_type&quot;:&quot;flex&quot;,&quot;content_width&quot;:&quot;boxed&quot;}\" data-core-v316-plus=\"true\">\n\t\t\t\t\t<div class=\"e-con-inner\">\n\t\t\t\t<div class=\"elementor-element elementor-element-e3c0df5 elementor-widget elementor-widget-google_maps\" data-id=\"e3c0df5\" data-element_type=\"widget\" data-widget_type=\"google_maps.default\">\n\t\t\t\t<div class=\"elementor-widget-container\">\n\t\t\t<style>\/*! elementor - v3.19.0 - 07-02-2024 *\/\n.elementor-widget-google_maps .elementor-widget-container{overflow:hidden}.elementor-widget-google_maps .elementor-custom-embed{line-height:0}.elementor-widget-google_maps iframe{height:300px}<\/style>\t\t<div class=\"elementor-custom-embed\">\n\t\t\t<iframe loading=\"lazy\"\n\t\t\t\t\tsrc=\"https:\/\/maps.google.com\/maps?q=41%C2%B022%2745.9%22N%208%C2%B030%2755.4%22W&#038;t=m&#038;z=10&#038;output=embed&#038;iwloc=near\"\n\t\t\t\t\ttitle=\"41\u00b022&#039;45.9&quot;N 8\u00b030&#039;55.4&quot;W\"\n\t\t\t\t\taria-label=\"41\u00b022&#039;45.9&quot;N 8\u00b030&#039;55.4&quot;W\"\n\t\t\t><\/iframe>\n\t\t<\/div>\n\t\t\t\t<\/div>\n\t\t\t\t<\/div>\n\t\t\t\t\t<\/div>\n\t\t\t\t<\/div>\n\t\t<div class=\"elementor-element elementor-element-356657d e-flex e-con-boxed wpr-particle-no wpr-jarallax-no wpr-parallax-no wpr-sticky-section-no e-con e-parent\" data-id=\"356657d\" data-element_type=\"container\" data-settings=\"{&quot;container_type&quot;:&quot;flex&quot;,&quot;content_width&quot;:&quot;boxed&quot;}\" data-core-v316-plus=\"true\">\n\t\t\t\t\t<div class=\"e-con-inner\">\n\t\t<div class=\"elementor-element elementor-element-503a6f4 e-con-full e-flex wpr-particle-no wpr-jarallax-no wpr-parallax-no wpr-sticky-section-no e-con e-child\" data-id=\"503a6f4\" data-element_type=\"container\" data-settings=\"{&quot;content_width&quot;:&quot;full&quot;,&quot;container_type&quot;:&quot;flex&quot;}\">\n\t\t\t\t<div class=\"elementor-element elementor-element-0fa84cd elementor-invisible elementor-widget elementor-widget-heading\" data-id=\"0fa84cd\" data-element_type=\"widget\" data-settings=\"{&quot;_animation&quot;:&quot;fadeInDown&quot;}\" data-widget_type=\"heading.default\">\n\t\t\t\t<div class=\"elementor-widget-container\">\n\t\t\t<style>\/*! elementor - v3.19.0 - 07-02-2024 *\/\n.elementor-heading-title{padding:0;margin:0;line-height:1}.elementor-widget-heading .elementor-heading-title[class*=elementor-size-]>a{color:inherit;font-size:inherit;line-height:inherit}.elementor-widget-heading .elementor-heading-title.elementor-size-small{font-size:15px}.elementor-widget-heading .elementor-heading-title.elementor-size-medium{font-size:19px}.elementor-widget-heading .elementor-heading-title.elementor-size-large{font-size:29px}.elementor-widget-heading .elementor-heading-title.elementor-size-xl{font-size:39px}.elementor-widget-heading .elementor-heading-title.elementor-size-xxl{font-size:59px}<\/style><h2 class=\"elementor-heading-title elementor-size-default\">DETALHES DE CONTACTO<\/h2>\t\t<\/div>\n\t\t\t\t<\/div>\n\t\t\t\t<div class=\"elementor-element elementor-element-e88e0e1 elementor-invisible elementor-widget elementor-widget-text-editor\" data-id=\"e88e0e1\" data-element_type=\"widget\" data-settings=\"{&quot;_animation&quot;:&quot;fadeInUp&quot;}\" data-widget_type=\"text-editor.default\">\n\t\t\t\t<div class=\"elementor-widget-container\">\n\t\t\t<style>\/*! elementor - v3.19.0 - 07-02-2024 *\/\n.elementor-widget-text-editor.elementor-drop-cap-view-stacked .elementor-drop-cap{background-color:#69727d;color:#fff}.elementor-widget-text-editor.elementor-drop-cap-view-framed .elementor-drop-cap{color:#69727d;border:3px solid;background-color:transparent}.elementor-widget-text-editor:not(.elementor-drop-cap-view-default) .elementor-drop-cap{margin-top:8px}.elementor-widget-text-editor:not(.elementor-drop-cap-view-default) .elementor-drop-cap-letter{width:1em;height:1em}.elementor-widget-text-editor .elementor-drop-cap{float:left;text-align:center;line-height:1;font-size:50px}.elementor-widget-text-editor .elementor-drop-cap-letter{display:inline-block}<\/style>\t\t\t\t<p>Se precisar de ajuda, entre em contacto conosco ou envie-nos um e-mail. Temos certeza de que voc\u00ea receber\u00e1 a nossa resposta o mais r\u00e1pido poss\u00edvel.<\/p>\t\t\t\t\t\t<\/div>\n\t\t\t\t<\/div>\n\t\t\t\t<\/div>\n\t\t\t\t\t<\/div>\n\t\t\t\t<\/div>\n\t\t<div class=\"elementor-element elementor-element-5cd6e7c e-flex e-con-boxed wpr-particle-no wpr-jarallax-no wpr-parallax-no wpr-sticky-section-no e-con e-parent\" data-id=\"5cd6e7c\" data-element_type=\"container\" data-settings=\"{&quot;container_type&quot;:&quot;flex&quot;,&quot;content_width&quot;:&quot;boxed&quot;}\" data-core-v316-plus=\"true\">\n\t\t\t\t\t<div class=\"e-con-inner\">\n\t\t<div class=\"elementor-element elementor-element-4bc2d54 e-con-full e-flex wpr-particle-no wpr-jarallax-no wpr-parallax-no wpr-sticky-section-no elementor-invisible e-con e-child\" data-id=\"4bc2d54\" data-element_type=\"container\" data-settings=\"{&quot;content_width&quot;:&quot;full&quot;,&quot;animation&quot;:&quot;slideInLeft&quot;,&quot;container_type&quot;:&quot;flex&quot;}\">\n\t\t<div class=\"elementor-element elementor-element-0447a58 e-con-full e-flex wpr-particle-no wpr-jarallax-no wpr-parallax-no wpr-sticky-section-no e-con e-child\" data-id=\"0447a58\" data-element_type=\"container\" data-settings=\"{&quot;content_width&quot;:&quot;full&quot;,&quot;container_type&quot;:&quot;flex&quot;}\">\n\t\t\t\t<div class=\"elementor-element elementor-element-5f428d4 elementor-view-default elementor-position-top elementor-mobile-position-top elementor-widget elementor-widget-icon-box\" data-id=\"5f428d4\" data-element_type=\"widget\" data-widget_type=\"icon-box.default\">\n\t\t\t\t<div class=\"elementor-widget-container\">\n\t\t\t<link rel=\"stylesheet\" href=\"http:\/\/vitorlemos.pt\/wp-content\/plugins\/elementor\/assets\/css\/widget-icon-box.min.css\">\t\t<div class=\"elementor-icon-box-wrapper\">\n\t\t\t\t\t\t<div class=\"elementor-icon-box-icon\">\n\t\t\t\t<span  class=\"elementor-icon elementor-animation-\">\n\t\t\t\t<svg aria-hidden=\"true\" class=\"e-font-icon-svg e-fas-mobile-alt\" viewBox=\"0 0 320 512\" xmlns=\"http:\/\/www.w3.org\/2000\/svg\"><path d=\"M272 0H48C21.5 0 0 21.5 0 48v416c0 26.5 21.5 48 48 48h224c26.5 0 48-21.5 48-48V48c0-26.5-21.5-48-48-48zM160 480c-17.7 0-32-14.3-32-32s14.3-32 32-32 32 14.3 32 32-14.3 32-32 32zm112-108c0 6.6-5.4 12-12 12H60c-6.6 0-12-5.4-12-12V60c0-6.6 5.4-12 12-12h200c6.6 0 12 5.4 12 12v312z\"><\/path><\/svg>\t\t\t\t<\/span>\n\t\t\t<\/div>\n\t\t\t\t\t\t<div class=\"elementor-icon-box-content\">\n\t\t\t\t<h3 class=\"elementor-icon-box-title\">\n\t\t\t\t\t<span  >\n\t\t\t\t\t\tTELEFONE\t\t\t\t\t<\/span>\n\t\t\t\t<\/h3>\n\t\t\t\t\t\t\t\t\t<p class=\"elementor-icon-box-description\">\n\t\t\t\t\t\t+(351) 914 050 776\t\t\t\t\t<\/p>\n\t\t\t\t\t\t\t<\/div>\n\t\t<\/div>\n\t\t\t\t<\/div>\n\t\t\t\t<\/div>\n\t\t\t\t<\/div>\n\t\t\t\t<\/div>\n\t\t<div class=\"elementor-element elementor-element-bf5b52a e-con-full e-flex wpr-particle-no wpr-jarallax-no wpr-parallax-no wpr-sticky-section-no e-con e-child\" data-id=\"bf5b52a\" data-element_type=\"container\" data-settings=\"{&quot;content_width&quot;:&quot;full&quot;,&quot;container_type&quot;:&quot;flex&quot;}\">\n\t\t<div class=\"elementor-element elementor-element-8aa8f34 e-con-full e-flex wpr-particle-no wpr-jarallax-no wpr-parallax-no wpr-sticky-section-no e-con e-child\" data-id=\"8aa8f34\" data-element_type=\"container\" data-settings=\"{&quot;content_width&quot;:&quot;full&quot;,&quot;container_type&quot;:&quot;flex&quot;}\">\n\t\t\t\t<div class=\"elementor-element elementor-element-d5322fc elementor-view-default elementor-position-top elementor-mobile-position-top elementor-widget elementor-widget-icon-box\" data-id=\"d5322fc\" data-element_type=\"widget\" data-widget_type=\"icon-box.default\">\n\t\t\t\t<div class=\"elementor-widget-container\">\n\t\t\t\t\t<div class=\"elementor-icon-box-wrapper\">\n\t\t\t\t\t\t<div class=\"elementor-icon-box-icon\">\n\t\t\t\t<span  class=\"elementor-icon elementor-animation-\">\n\t\t\t\t<svg aria-hidden=\"true\" class=\"e-font-icon-svg e-fas-map-marker-alt\" viewBox=\"0 0 384 512\" xmlns=\"http:\/\/www.w3.org\/2000\/svg\"><path d=\"M172.268 501.67C26.97 291.031 0 269.413 0 192 0 85.961 85.961 0 192 0s192 85.961 192 192c0 77.413-26.97 99.031-172.268 309.67-9.535 13.774-29.93 13.773-39.464 0zM192 272c44.183 0 80-35.817 80-80s-35.817-80-80-80-80 35.817-80 80 35.817 80 80 80z\"><\/path><\/svg>\t\t\t\t<\/span>\n\t\t\t<\/div>\n\t\t\t\t\t\t<div class=\"elementor-icon-box-content\">\n\t\t\t\t<h3 class=\"elementor-icon-box-title\">\n\t\t\t\t\t<span  >\n\t\t\t\t\t\tENDERE\u00c7O\t\t\t\t\t<\/span>\n\t\t\t\t<\/h3>\n\t\t\t\t\t\t\t\t\t<p class=\"elementor-icon-box-description\">\n\t\t\t\t\t\tRua Maria Seara, 277 LJ 3 Igreja 4760-480 Esmeriz\t\t\t\t\t<\/p>\n\t\t\t\t\t\t\t<\/div>\n\t\t<\/div>\n\t\t\t\t<\/div>\n\t\t\t\t<\/div>\n\t\t\t\t<\/div>\n\t\t\t\t<\/div>\n\t\t<div class=\"elementor-element elementor-element-bd0c9de e-con-full e-flex wpr-particle-no wpr-jarallax-no wpr-parallax-no wpr-sticky-section-no elementor-invisible e-con e-child\" data-id=\"bd0c9de\" data-element_type=\"container\" data-settings=\"{&quot;content_width&quot;:&quot;full&quot;,&quot;animation&quot;:&quot;slideInRight&quot;,&quot;container_type&quot;:&quot;flex&quot;}\">\n\t\t<div class=\"elementor-element elementor-element-fab2c77 e-con-full e-flex wpr-particle-no wpr-jarallax-no wpr-parallax-no wpr-sticky-section-no e-con e-child\" data-id=\"fab2c77\" data-element_type=\"container\" data-settings=\"{&quot;content_width&quot;:&quot;full&quot;,&quot;container_type&quot;:&quot;flex&quot;}\">\n\t\t\t\t<div class=\"elementor-element elementor-element-8c0c719 elementor-view-default elementor-position-top elementor-mobile-position-top elementor-widget elementor-widget-icon-box\" data-id=\"8c0c719\" data-element_type=\"widget\" data-widget_type=\"icon-box.default\">\n\t\t\t\t<div class=\"elementor-widget-container\">\n\t\t\t\t\t<div class=\"elementor-icon-box-wrapper\">\n\t\t\t\t\t\t<div class=\"elementor-icon-box-icon\">\n\t\t\t\t<a href=\"mailto:%20vitorlemos.osteo@gmail.com\" class=\"elementor-icon elementor-animation-\" tabindex=\"-1\">\n\t\t\t\t<svg aria-hidden=\"true\" class=\"e-font-icon-svg e-far-envelope\" viewBox=\"0 0 512 512\" xmlns=\"http:\/\/www.w3.org\/2000\/svg\"><path d=\"M464 64H48C21.49 64 0 85.49 0 112v288c0 26.51 21.49 48 48 48h416c26.51 0 48-21.49 48-48V112c0-26.51-21.49-48-48-48zm0 48v40.805c-22.422 18.259-58.168 46.651-134.587 106.49-16.841 13.247-50.201 45.072-73.413 44.701-23.208.375-56.579-31.459-73.413-44.701C106.18 199.465 70.425 171.067 48 152.805V112h416zM48 400V214.398c22.914 18.251 55.409 43.862 104.938 82.646 21.857 17.205 60.134 55.186 103.062 54.955 42.717.231 80.509-37.199 103.053-54.947 49.528-38.783 82.032-64.401 104.947-82.653V400H48z\"><\/path><\/svg>\t\t\t\t<\/a>\n\t\t\t<\/div>\n\t\t\t\t\t\t<div class=\"elementor-icon-box-content\">\n\t\t\t\t<h3 class=\"elementor-icon-box-title\">\n\t\t\t\t\t<a href=\"mailto:%20vitorlemos.osteo@gmail.com\" >\n\t\t\t\t\t\tE-MAIL\t\t\t\t\t<\/a>\n\t\t\t\t<\/h3>\n\t\t\t\t\t\t\t\t\t<p class=\"elementor-icon-box-description\">\n\t\t\t\t\t\tvitorlemos.osteo@gmail.com\t\t\t\t\t<\/p>\n\t\t\t\t\t\t\t<\/div>\n\t\t<\/div>\n\t\t\t\t<\/div>\n\t\t\t\t<\/div>\n\t\t\t\t<\/div>\n\t\t\t\t<\/div>\n\t\t\t\t\t<\/div>\n\t\t\t\t<\/div>\n\t\t<div class=\"elementor-element elementor-element-58237b4 e-flex e-con-boxed wpr-particle-no wpr-jarallax-no wpr-parallax-no wpr-sticky-section-no e-con e-parent\" data-id=\"58237b4\" data-element_type=\"container\" data-settings=\"{&quot;container_type&quot;:&quot;flex&quot;,&quot;content_width&quot;:&quot;boxed&quot;}\" data-core-v316-plus=\"true\">\n\t\t\t\t\t<div class=\"e-con-inner\">\n\t\t<div class=\"elementor-element elementor-element-04d4811 e-con-full e-flex wpr-particle-no wpr-jarallax-no wpr-parallax-no wpr-sticky-section-no e-con e-child\" data-id=\"04d4811\" data-element_type=\"container\" data-settings=\"{&quot;content_width&quot;:&quot;full&quot;,&quot;container_type&quot;:&quot;flex&quot;}\">\n\t\t\t\t<div class=\"elementor-element elementor-element-c10e8d3 elementor-invisible elementor-widget elementor-widget-heading\" data-id=\"c10e8d3\" data-element_type=\"widget\" data-settings=\"{&quot;_animation&quot;:&quot;fadeInDown&quot;}\" data-widget_type=\"heading.default\">\n\t\t\t\t<div class=\"elementor-widget-container\">\n\t\t\t<h2 class=\"elementor-heading-title elementor-size-default\">ENTRE EM CONTACTO CONOSCO<\/h2>\t\t<\/div>\n\t\t\t\t<\/div>\n\t\t\t\t<div class=\"elementor-element elementor-element-d4807c2 elementor-invisible elementor-widget elementor-widget-text-editor\" data-id=\"d4807c2\" data-element_type=\"widget\" data-settings=\"{&quot;_animation&quot;:&quot;fadeInUp&quot;}\" data-widget_type=\"text-editor.default\">\n\t\t\t\t<div class=\"elementor-widget-container\">\n\t\t\t\t\t\t\t<p>Se voc\u00ea tiver alguma d\u00favida, n\u00e3o hesite em enviar-nos uma mensagem<\/p>\t\t\t\t\t\t<\/div>\n\t\t\t\t<\/div>\n\t\t\t\t<\/div>\n\t\t\t\t\t<\/div>\n\t\t\t\t<\/div>\n\t\t<div class=\"elementor-element elementor-element-ef06e7e e-flex e-con-boxed wpr-particle-no wpr-jarallax-no wpr-parallax-no wpr-sticky-section-no e-con e-parent\" data-id=\"ef06e7e\" data-element_type=\"container\" data-settings=\"{&quot;container_type&quot;:&quot;flex&quot;,&quot;content_width&quot;:&quot;boxed&quot;}\" data-core-v316-plus=\"true\">\n\t\t\t\t\t<div class=\"e-con-inner\">\n\t\t\t\t<div class=\"elementor-element elementor-element-a225895 wpr-step-type-number_text wpr-step-content-layout-vertical wpr-custom-styles-yes elementor-widget elementor-widget-wpr-form-builder\" data-id=\"a225895\" data-element_type=\"widget\" data-settings=\"{&quot;button_width&quot;:{&quot;unit&quot;:&quot;%&quot;,&quot;size&quot;:18,&quot;sizes&quot;:[]},&quot;success_message&quot;:&quot;Submission successful&quot;,&quot;error_message&quot;:&quot;Submission failed&quot;,&quot;button_width_tablet&quot;:{&quot;unit&quot;:&quot;px&quot;,&quot;size&quot;:20,&quot;sizes&quot;:[]},&quot;button_width_mobile&quot;:{&quot;unit&quot;:&quot;px&quot;,&quot;size&quot;:41,&quot;sizes&quot;:[]},&quot;step_type&quot;:&quot;number_text&quot;,&quot;step_content_layout&quot;:&quot;vertical&quot;}\" data-widget_type=\"wpr-form-builder.default\">\n\t\t\t\t<div class=\"elementor-widget-container\">\n\t\t\t\t\t<form class=\"wpr-form\" method=\"post\" name=\"New Form\" page=\"Contactos\" page_id=\"130\" novalidate>\n\t\t\t<input type=\"hidden\" name=\"post_id\" value=\"130\"\/>\n\t\t\t<input type=\"hidden\" name=\"form_id\" value=\"a225895\"\/>\n\t\t\t<input type=\"hidden\" name=\"referer_title\" value=\"Vitor Lemos Terapias\" \/>\n\n\t\t\t<div class=\"wpr-step-wrap\"><\/div>\n\t\t\t<div class=\"wpr-form-fields-wrap wpr-labels-above\">\n\t\t\t\t\t\t\t\t\t<div class=\"wpr-form-field-type-text wpr-field-group wpr-column wpr-field-group-nome elementor-repeater-item-7e1fc6b\">\n\t\t\t\t\t\t\t\t\t\t\t\t\t\t<label for=\"form-field-nome\" class=\"wpr-form-field-label\">\n\t\t\t\t\t\t\t\t\tNome\t\t\t\t\t\t\t\t<\/label>\n\t\t\t\t\t\t\t<input size=\"1 \"type=\"text\" name=\"form_fields[nome]\" id=\"form-field-nome\" class=\"wpr-form-field  wpr-form-field-textual\" placeholder=\"Nome\">\t\t\t\t\t<\/div>\n\t\t\t\t\t\t\t\t\t<div class=\"wpr-form-field-type-email wpr-field-group wpr-column wpr-field-group-email elementor-repeater-item-a26560f wpr-form-field-required\">\n\t\t\t\t\t\t\t\t\t\t\t\t\t\t<label for=\"form-field-email\" class=\"wpr-form-field-label\">\n\t\t\t\t\t\t\t\t\tEmail\t\t\t\t\t\t\t\t<\/label>\n\t\t\t\t\t\t\t<input size=\"1 \"type=\"email\" name=\"form_fields[email]\" id=\"form-field-email\" class=\"wpr-form-field  wpr-form-field-textual\" placeholder=\"Email\" required=\"required\" aria-required=\"true\">\t\t\t\t\t<\/div>\n\t\t\t\t\t\t\t\t\t<div class=\"wpr-form-field-type-textarea wpr-field-group wpr-column wpr-field-group-mensagem elementor-repeater-item-4069153\">\n\t\t\t\t\t\t\t\t\t\t\t\t\t\t<label for=\"form-field-mensagem\" class=\"wpr-form-field-label\">\n\t\t\t\t\t\t\t\t\tMensagem\t\t\t\t\t\t\t\t<\/label>\n\t\t\t\t\t\t\t<textarea class=\"wpr-form-field-textual wpr-form-field \" name=\"form_fields[mensagem]\" id=\"form-field-mensagem\" rows=\"4\" placeholder=\"Mensagem\"><\/textarea>\t\t\t\t\t<\/div>\n\t\t\t\t<div class=\"wpr-field-group wpr-stp-btns-wrap wpr-column wpr-form-field-type-submit\" data-actions=\"[&quot;email&quot;]\" data-redirect-url=\"\" data-mailchimp-fields=\"{&quot;email_field&quot;:&quot;&quot;,&quot;first_name_field&quot;:&quot;&quot;,&quot;last_name_field&quot;:&quot;&quot;,&quot;address_field&quot;:&quot;&quot;,&quot;phone_field&quot;:&quot;&quot;,&quot;birthday_field&quot;:&quot;&quot;,&quot;group_id&quot;:&quot;&quot;}\" data-list-id=\"\">\t\t\t<button type=\"submit\" class=\"wpr-button\">\n\t\t\t\t<span >\n\t\t\t\t\t\t\t\t\t\t\t\t\t\t\t\t<span>Contacte-nos<\/span>\n\t\t\t\t\t\t\t\t\t\t\t\t\t\t<\/span>\t\n\t\t\t\t<div class=\"wpr-double-bounce wpr-loader-hidden\">\n\t\t\t\t\t<div class=\"wpr-child wpr-double-bounce1\"><\/div>\n\t\t\t\t\t<div class=\"wpr-child wpr-double-bounce2\"><\/div>\n\t\t\t\t<\/div>\n\t\t\t<\/button>\n\t\t<\/div>\t\t\t\t\n\t\t\t<\/div>\n\t\t<\/form>\n\t  \t\t<\/div>\n\t\t\t\t<\/div>\n\t\t\t\t\t<\/div>\n\t\t\t\t<\/div>\n\t\t\t\t<\/div>\n\t\t","protected":false},"excerpt":{"rendered":"<p>DETALHES DE CONTACTO Se precisar de ajuda, entre em contacto conosco ou envie-nos um e-mail. Temos certeza de que voc\u00ea receber\u00e1 a nossa resposta o mais r\u00e1pido poss\u00edvel. TELEFONE +(351) 914 050 776 ENDERE\u00c7O Rua Maria Seara, 277 LJ 3 Igreja 4760-480 Esmeriz E-MAIL vitorlemos.osteo@gmail.com ENTRE EM CONTACTO CONOSCO Se voc\u00ea tiver alguma d\u00favida, n\u00e3o [&hellip;]<\/p>\n","protected":false},"author":1,"featured_media":0,"parent":0,"menu_order":0,"comment_status":"closed","ping_status":"closed","template":"elementor_header_footer","meta":{"footnotes":""},"yoast_head":"<!-- This site is optimized with the Yoast SEO plugin v22.0 - https:\/\/yoast.com\/wordpress\/plugins\/seo\/ -->\n<title>Contacto - V\u00edtor Lemos - V.N. de Famalic\u00e3o<\/title>\n<meta name=\"description\" content=\"Rua Maria Seara, 277 LJ 3 Igreja Esmeriz V.N. de Famalic\u00e3o | 914 050 776 | Contacto - V\u00edtor Lemos - V.N. de Famalic\u00e3o\" \/>\n<meta name=\"robots\" content=\"index, follow, max-snippet:-1, max-image-preview:large, max-video-preview:-1\" \/>\n<link rel=\"canonical\" href=\"https:\/\/vitorlemos.pt\/index.php\/contactos\/\" \/>\n<meta property=\"og:locale\" content=\"en_US\" \/>\n<meta property=\"og:type\" content=\"article\" \/>\n<meta property=\"og:title\" content=\"Contacto - V\u00edtor Lemos - V.N. de Famalic\u00e3o\" \/>\n<meta property=\"og:description\" content=\"Rua Maria Seara, 277 LJ 3 Igreja Esmeriz V.N. de Famalic\u00e3o | 914 050 776 | Contacto - V\u00edtor Lemos - V.N. de Famalic\u00e3o\" \/>\n<meta property=\"og:url\" content=\"https:\/\/vitorlemos.pt\/index.php\/contactos\/\" \/>\n<meta property=\"og:site_name\" content=\"Vitor Lemos Terapias\" \/>\n<meta property=\"article:modified_time\" content=\"2024-02-20T20:04:29+00:00\" \/>\n<meta property=\"og:image\" content=\"https:\/\/vitorlemos.pt\/wp-content\/uploads\/2023\/12\/cropped-logo.png\" \/>\n\t<meta property=\"og:image:width\" content=\"377\" \/>\n\t<meta property=\"og:image:height\" content=\"384\" \/>\n\t<meta property=\"og:image:type\" content=\"image\/png\" \/>\n<meta name=\"twitter:card\" content=\"summary_large_image\" \/>\n<meta name=\"twitter:label1\" content=\"Est. reading time\" \/>\n\t<meta name=\"twitter:data1\" content=\"1 minute\" \/>\n<script type=\"application\/ld+json\" class=\"yoast-schema-graph\">{\"@context\":\"https:\/\/schema.org\",\"@graph\":[{\"@type\":\"WebPage\",\"@id\":\"https:\/\/vitorlemos.pt\/index.php\/contactos\/\",\"url\":\"https:\/\/vitorlemos.pt\/index.php\/contactos\/\",\"name\":\"Contacto - V\u00edtor Lemos - V.N. de Famalic\u00e3o\",\"isPartOf\":{\"@id\":\"https:\/\/vitorlemos.pt\/#website\"},\"datePublished\":\"2023-12-15T21:49:32+00:00\",\"dateModified\":\"2024-02-20T20:04:29+00:00\",\"description\":\"Rua Maria Seara, 277 LJ 3 Igreja Esmeriz V.N. de Famalic\u00e3o | 914 050 776 | Contacto - V\u00edtor Lemos - V.N. de Famalic\u00e3o\",\"breadcrumb\":{\"@id\":\"https:\/\/vitorlemos.pt\/index.php\/contactos\/#breadcrumb\"},\"inLanguage\":\"en-US\",\"potentialAction\":[{\"@type\":\"ReadAction\",\"target\":[\"https:\/\/vitorlemos.pt\/index.php\/contactos\/\"]}]},{\"@type\":\"BreadcrumbList\",\"@id\":\"https:\/\/vitorlemos.pt\/index.php\/contactos\/#breadcrumb\",\"itemListElement\":[{\"@type\":\"ListItem\",\"position\":1,\"name\":\"Home\",\"item\":\"https:\/\/vitorlemos.pt\/\"},{\"@type\":\"ListItem\",\"position\":2,\"name\":\"Contactos\"}]},{\"@type\":\"WebSite\",\"@id\":\"https:\/\/vitorlemos.pt\/#website\",\"url\":\"https:\/\/vitorlemos.pt\/\",\"name\":\"Vitor Lemos Terapias\",\"description\":\"Rua Maria Seara, 277 LJ 3 Igreja Esmeriz V.N. de Famalic\u00e3o | 914 050 776 | Osteopatia | Osteopata em Famalic\u00e3o | Osteopatia visceral | Sacro craniana | Massagem recupera\u00e7\u00e3o\",\"publisher\":{\"@id\":\"https:\/\/vitorlemos.pt\/#organization\"},\"alternateName\":\"Vitor Lemos Osteopata\",\"potentialAction\":[{\"@type\":\"SearchAction\",\"target\":{\"@type\":\"EntryPoint\",\"urlTemplate\":\"https:\/\/vitorlemos.pt\/?s={search_term_string}\"},\"query-input\":\"required name=search_term_string\"}],\"inLanguage\":\"en-US\"},{\"@type\":\"Organization\",\"@id\":\"https:\/\/vitorlemos.pt\/#organization\",\"name\":\"Vitor Lemos Terapias\",\"alternateName\":\"Vitor Lemos Osteopata\",\"url\":\"https:\/\/vitorlemos.pt\/\",\"logo\":{\"@type\":\"ImageObject\",\"inLanguage\":\"en-US\",\"@id\":\"https:\/\/vitorlemos.pt\/#\/schema\/logo\/image\/\",\"url\":\"http:\/\/vitorlemos.pt\/wp-content\/uploads\/2023\/12\/logo.png\",\"contentUrl\":\"http:\/\/vitorlemos.pt\/wp-content\/uploads\/2023\/12\/logo.png\",\"width\":650,\"height\":384,\"caption\":\"Vitor Lemos Terapias\"},\"image\":{\"@id\":\"https:\/\/vitorlemos.pt\/#\/schema\/logo\/image\/\"}}]}<\/script>\n<!-- \/ Yoast SEO plugin. -->","yoast_head_json":{"title":"Contacto - V\u00edtor Lemos - V.N. de Famalic\u00e3o","description":"Rua Maria Seara, 277 LJ 3 Igreja Esmeriz V.N. de Famalic\u00e3o | 914 050 776 | Contacto - V\u00edtor Lemos - V.N. de Famalic\u00e3o","robots":{"index":"index","follow":"follow","max-snippet":"max-snippet:-1","max-image-preview":"max-image-preview:large","max-video-preview":"max-video-preview:-1"},"canonical":"https:\/\/vitorlemos.pt\/index.php\/contactos\/","og_locale":"en_US","og_type":"article","og_title":"Contacto - V\u00edtor Lemos - V.N. de Famalic\u00e3o","og_description":"Rua Maria Seara, 277 LJ 3 Igreja Esmeriz V.N. de Famalic\u00e3o | 914 050 776 | Contacto - V\u00edtor Lemos - V.N. de Famalic\u00e3o","og_url":"https:\/\/vitorlemos.pt\/index.php\/contactos\/","og_site_name":"Vitor Lemos Terapias","article_modified_time":"2024-02-20T20:04:29+00:00","og_image":[{"width":377,"height":384,"url":"https:\/\/vitorlemos.pt\/wp-content\/uploads\/2023\/12\/cropped-logo.png","type":"image\/png"}],"twitter_card":"summary_large_image","twitter_misc":{"Est. reading time":"1 minute"},"schema":{"@context":"https:\/\/schema.org","@graph":[{"@type":"WebPage","@id":"https:\/\/vitorlemos.pt\/index.php\/contactos\/","url":"https:\/\/vitorlemos.pt\/index.php\/contactos\/","name":"Contacto - V\u00edtor Lemos - V.N. de Famalic\u00e3o","isPartOf":{"@id":"https:\/\/vitorlemos.pt\/#website"},"datePublished":"2023-12-15T21:49:32+00:00","dateModified":"2024-02-20T20:04:29+00:00","description":"Rua Maria Seara, 277 LJ 3 Igreja Esmeriz V.N. de Famalic\u00e3o | 914 050 776 | Contacto - V\u00edtor Lemos - V.N. de Famalic\u00e3o","breadcrumb":{"@id":"https:\/\/vitorlemos.pt\/index.php\/contactos\/#breadcrumb"},"inLanguage":"en-US","potentialAction":[{"@type":"ReadAction","target":["https:\/\/vitorlemos.pt\/index.php\/contactos\/"]}]},{"@type":"BreadcrumbList","@id":"https:\/\/vitorlemos.pt\/index.php\/contactos\/#breadcrumb","itemListElement":[{"@type":"ListItem","position":1,"name":"Home","item":"https:\/\/vitorlemos.pt\/"},{"@type":"ListItem","position":2,"name":"Contactos"}]},{"@type":"WebSite","@id":"https:\/\/vitorlemos.pt\/#website","url":"https:\/\/vitorlemos.pt\/","name":"Vitor Lemos Terapias","description":"Rua Maria Seara, 277 LJ 3 Igreja Esmeriz V.N. de Famalic\u00e3o | 914 050 776 | Osteopatia | Osteopata em Famalic\u00e3o | Osteopatia visceral | Sacro craniana | Massagem recupera\u00e7\u00e3o","publisher":{"@id":"https:\/\/vitorlemos.pt\/#organization"},"alternateName":"Vitor Lemos Osteopata","potentialAction":[{"@type":"SearchAction","target":{"@type":"EntryPoint","urlTemplate":"https:\/\/vitorlemos.pt\/?s={search_term_string}"},"query-input":"required name=search_term_string"}],"inLanguage":"en-US"},{"@type":"Organization","@id":"https:\/\/vitorlemos.pt\/#organization","name":"Vitor Lemos Terapias","alternateName":"Vitor Lemos Osteopata","url":"https:\/\/vitorlemos.pt\/","logo":{"@type":"ImageObject","inLanguage":"en-US","@id":"https:\/\/vitorlemos.pt\/#\/schema\/logo\/image\/","url":"http:\/\/vitorlemos.pt\/wp-content\/uploads\/2023\/12\/logo.png","contentUrl":"http:\/\/vitorlemos.pt\/wp-content\/uploads\/2023\/12\/logo.png","width":650,"height":384,"caption":"Vitor Lemos Terapias"},"image":{"@id":"https:\/\/vitorlemos.pt\/#\/schema\/logo\/image\/"}}]}},"_links":{"self":[{"href":"https:\/\/vitorlemos.pt\/index.php\/wp-json\/wp\/v2\/pages\/130"}],"collection":[{"href":"https:\/\/vitorlemos.pt\/index.php\/wp-json\/wp\/v2\/pages"}],"about":[{"href":"https:\/\/vitorlemos.pt\/index.php\/wp-json\/wp\/v2\/types\/page"}],"author":[{"embeddable":true,"href":"https:\/\/vitorlemos.pt\/index.php\/wp-json\/wp\/v2\/users\/1"}],"replies":[{"embeddable":true,"href":"https:\/\/vitorlemos.pt\/index.php\/wp-json\/wp\/v2\/comments?post=130"}],"version-history":[{"count":162,"href":"https:\/\/vitorlemos.pt\/index.php\/wp-json\/wp\/v2\/pages\/130\/revisions"}],"predecessor-version":[{"id":1509,"href":"https:\/\/vitorlemos.pt\/index.php\/wp-json\/wp\/v2\/pages\/130\/revisions\/1509"}],"wp:attachment":[{"href":"https:\/\/vitorlemos.pt\/index.php\/wp-json\/wp\/v2\/media?parent=130"}],"curies":[{"name":"wp","href":"https:\/\/api.w.org\/{rel}","templated":true}]}}