{"id":1363,"date":"2024-02-07T21:25:54","date_gmt":"2024-02-07T21:25:54","guid":{"rendered":"https:\/\/vitorlemos.pt\/?page_id=1363"},"modified":"2024-02-20T19:52:09","modified_gmt":"2024-02-20T19:52:09","slug":"osteopatia-estrutural","status":"publish","type":"page","link":"https:\/\/vitorlemos.pt\/index.php\/osteopatia-estrutural\/","title":{"rendered":"Osteopatia Estrutural"},"content":{"rendered":"\t\t<div data-elementor-type=\"wp-page\" data-elementor-id=\"1363\" class=\"elementor elementor-1363\">\n\t\t\t\t<div class=\"elementor-element elementor-element-7edbfb7 e-flex e-con-boxed wpr-particle-no wpr-jarallax-no wpr-parallax-no wpr-sticky-section-no e-con e-parent\" data-id=\"7edbfb7\" data-element_type=\"container\" data-settings=\"{&quot;container_type&quot;:&quot;flex&quot;,&quot;content_width&quot;:&quot;boxed&quot;}\" data-core-v316-plus=\"true\">\n\t\t\t\t\t<div class=\"e-con-inner\">\n\t\t<div class=\"elementor-element elementor-element-e6deaae e-flex e-con-boxed wpr-particle-no wpr-jarallax-no wpr-parallax-no wpr-sticky-section-no e-con e-child\" data-id=\"e6deaae\" data-element_type=\"container\" data-settings=\"{&quot;container_type&quot;:&quot;flex&quot;,&quot;content_width&quot;:&quot;boxed&quot;}\">\n\t\t\t\t\t<div class=\"e-con-inner\">\n\t\t<div class=\"elementor-element elementor-element-9031890 e-flex e-con-boxed wpr-particle-no wpr-jarallax-no wpr-parallax-no wpr-sticky-section-no e-con e-child\" data-id=\"9031890\" data-element_type=\"container\" data-settings=\"{&quot;container_type&quot;:&quot;flex&quot;,&quot;content_width&quot;:&quot;boxed&quot;}\">\n\t\t\t\t\t<div class=\"e-con-inner\">\n\t\t\t\t\t<\/div>\n\t\t\t\t<\/div>\n\t\t\t\t\t<\/div>\n\t\t\t\t<\/div>\n\t\t\t\t<div class=\"elementor-element elementor-element-6e36795 elementor-widget elementor-widget-heading\" data-id=\"6e36795\" data-element_type=\"widget\" data-widget_type=\"heading.default\">\n\t\t\t\t<div class=\"elementor-widget-container\">\n\t\t\t<style>\/*! elementor - v3.19.0 - 07-02-2024 *\/\n.elementor-heading-title{padding:0;margin:0;line-height:1}.elementor-widget-heading .elementor-heading-title[class*=elementor-size-]>a{color:inherit;font-size:inherit;line-height:inherit}.elementor-widget-heading .elementor-heading-title.elementor-size-small{font-size:15px}.elementor-widget-heading .elementor-heading-title.elementor-size-medium{font-size:19px}.elementor-widget-heading .elementor-heading-title.elementor-size-large{font-size:29px}.elementor-widget-heading .elementor-heading-title.elementor-size-xl{font-size:39px}.elementor-widget-heading .elementor-heading-title.elementor-size-xxl{font-size:59px}<\/style><h1 class=\"elementor-heading-title elementor-size-large\">O que \u00e9 Osteopatia Estrutural?<\/h1>\t\t<\/div>\n\t\t\t\t<\/div>\n\t\t\t\t\t<\/div>\n\t\t\t\t<\/div>\n\t\t<div class=\"elementor-element elementor-element-88acf04 e-flex e-con-boxed wpr-particle-no wpr-jarallax-no wpr-parallax-no wpr-sticky-section-no e-con e-parent\" data-id=\"88acf04\" data-element_type=\"container\" data-settings=\"{&quot;container_type&quot;:&quot;flex&quot;,&quot;content_width&quot;:&quot;boxed&quot;}\" data-core-v316-plus=\"true\">\n\t\t\t\t\t<div class=\"e-con-inner\">\n\t\t\t\t<div class=\"elementor-element elementor-element-ef1c364 elementor-widget elementor-widget-text-editor\" data-id=\"ef1c364\" data-element_type=\"widget\" data-widget_type=\"text-editor.default\">\n\t\t\t\t<div class=\"elementor-widget-container\">\n\t\t\t<style>\/*! elementor - v3.19.0 - 07-02-2024 *\/\n.elementor-widget-text-editor.elementor-drop-cap-view-stacked .elementor-drop-cap{background-color:#69727d;color:#fff}.elementor-widget-text-editor.elementor-drop-cap-view-framed .elementor-drop-cap{color:#69727d;border:3px solid;background-color:transparent}.elementor-widget-text-editor:not(.elementor-drop-cap-view-default) .elementor-drop-cap{margin-top:8px}.elementor-widget-text-editor:not(.elementor-drop-cap-view-default) .elementor-drop-cap-letter{width:1em;height:1em}.elementor-widget-text-editor .elementor-drop-cap{float:left;text-align:center;line-height:1;font-size:50px}.elementor-widget-text-editor .elementor-drop-cap-letter{display:inline-block}<\/style>\t\t\t\t<p>A Osteopatia Estrutural concentra-se em tratar problemas relacionados ao sistema m\u00fasculo-esquel\u00e9tico. Baseia-se na premissa de que a estrutura do corpo (ossos, m\u00fasculos, ligamentos e articula\u00e7\u00f5es) est\u00e1 intimamente ligada \u00e0 fun\u00e7\u00e3o geral do corpo.<\/p><p>O Osteopata usa t\u00e9cnicas manuais, como a manipula\u00e7\u00e3o, para corrigir problemas de postura e mobilidade, que possam estar a afetar a fun\u00e7\u00e3o do corpo. Avalia o corpo como um todo, procurando \u00e1reas de tens\u00e3o, desequil\u00edbrios e restri\u00e7\u00f5es de movimento, que possam contribuir para a dor ou disfun\u00e7\u00e3o do paciente.<\/p><p>O objetivo da Osteopatia Estrutural \u00e9 restaurar a fun\u00e7\u00e3o normal do corpo, reduzir a dor e melhorar a qualidade de vida do paciente, podendo ser usada para tratar diversas condi\u00e7\u00f5es, incluindo dor nas costas, pesco\u00e7o, ombros, joelhos e outras partes do corpo, bem como, les\u00f5es.<\/p><p>Esta \u00e1rea de interven\u00e7\u00e3o, estende-se ainda, ao desporto e seus praticantes, tanto por atletas de alta competi\u00e7\u00e3o, como por amadores, tratando tens\u00f5es e bloqueios articulares, que podem propiciar um aumento de les\u00f5es ou impedir que o atleta n\u00e3o consiga atingir a performance desejada.<\/p>\t\t\t\t\t\t<\/div>\n\t\t\t\t<\/div>\n\t\t\t\t\t<\/div>\n\t\t\t\t<\/div>\n\t\t<div class=\"elementor-element elementor-element-1d6e943 e-flex e-con-boxed wpr-particle-no wpr-jarallax-no wpr-parallax-no wpr-sticky-section-no e-con e-parent\" data-id=\"1d6e943\" data-element_type=\"container\" data-settings=\"{&quot;container_type&quot;:&quot;flex&quot;,&quot;content_width&quot;:&quot;boxed&quot;}\" data-core-v316-plus=\"true\">\n\t\t\t\t\t<div class=\"e-con-inner\">\n\t\t<div class=\"elementor-element elementor-element-564c131 e-flex e-con-boxed wpr-particle-no wpr-jarallax-no wpr-parallax-no wpr-sticky-section-no e-con e-child\" data-id=\"564c131\" data-element_type=\"container\" data-settings=\"{&quot;container_type&quot;:&quot;flex&quot;,&quot;content_width&quot;:&quot;boxed&quot;}\">\n\t\t\t\t\t<div class=\"e-con-inner\">\n\t\t\t\t<div class=\"elementor-element elementor-element-3740ac6 elementor-widget elementor-widget-text-editor\" data-id=\"3740ac6\" data-element_type=\"widget\" data-widget_type=\"text-editor.default\">\n\t\t\t\t<div class=\"elementor-widget-container\">\n\t\t\t\t\t\t\t<p><em>\u201cFind it, fix it and leave it alone.\u201d\u00a0 &#8211;<\/em>\u00a0Dr Still<\/p>\t\t\t\t\t\t<\/div>\n\t\t\t\t<\/div>\n\t\t\t\t\t<\/div>\n\t\t\t\t<\/div>\n\t\t\t\t\t<\/div>\n\t\t\t\t<\/div>\n\t\t\t\t<\/div>\n\t\t","protected":false},"excerpt":{"rendered":"<p>O que \u00e9 Osteopatia Estrutural? A Osteopatia Estrutural concentra-se em tratar problemas relacionados ao sistema m\u00fasculo-esquel\u00e9tico. Baseia-se na premissa de que a estrutura do corpo (ossos, m\u00fasculos, ligamentos e articula\u00e7\u00f5es) est\u00e1 intimamente ligada \u00e0 fun\u00e7\u00e3o geral do corpo. O Osteopata usa t\u00e9cnicas manuais, como a manipula\u00e7\u00e3o, para corrigir problemas de postura e mobilidade, que possam [&hellip;]<\/p>\n","protected":false},"author":1,"featured_media":0,"parent":0,"menu_order":0,"comment_status":"closed","ping_status":"closed","template":"elementor_header_footer","meta":{"footnotes":""},"yoast_head":"<!-- This site is optimized with the Yoast SEO plugin v22.0 - https:\/\/yoast.com\/wordpress\/plugins\/seo\/ -->\n<title>Osteopatia Estrutural - V\u00edtor Lemos - V.N. de Famalic\u00e3o<\/title>\n<meta name=\"description\" content=\"Rua Maria Seara, 277 LJ 3 Igreja Esmeriz V.N. de Famalic\u00e3o | 914 050 776 | Osteopatia Estrutural - V\u00edtor Lemos - V.N. de Famalic\u00e3o\" \/>\n<meta name=\"robots\" content=\"index, follow, max-snippet:-1, max-image-preview:large, max-video-preview:-1\" \/>\n<link rel=\"canonical\" href=\"https:\/\/vitorlemos.pt\/index.php\/osteopatia-estrutural\/\" \/>\n<meta property=\"og:locale\" content=\"en_US\" \/>\n<meta property=\"og:type\" content=\"article\" \/>\n<meta property=\"og:title\" content=\"Osteopatia Estrutural - V\u00edtor Lemos - V.N. de Famalic\u00e3o\" \/>\n<meta property=\"og:description\" content=\"Rua Maria Seara, 277 LJ 3 Igreja Esmeriz V.N. de Famalic\u00e3o | 914 050 776 | Osteopatia Estrutural - V\u00edtor Lemos - V.N. de Famalic\u00e3o\" \/>\n<meta property=\"og:url\" content=\"https:\/\/vitorlemos.pt\/index.php\/osteopatia-estrutural\/\" \/>\n<meta property=\"og:site_name\" content=\"Vitor Lemos Terapias\" \/>\n<meta property=\"article:modified_time\" content=\"2024-02-20T19:52:09+00:00\" \/>\n<meta property=\"og:image\" content=\"https:\/\/vitorlemos.pt\/wp-content\/uploads\/2023\/12\/cropped-logo.png\" \/>\n\t<meta property=\"og:image:width\" content=\"377\" \/>\n\t<meta property=\"og:image:height\" content=\"384\" \/>\n\t<meta property=\"og:image:type\" content=\"image\/png\" \/>\n<meta name=\"twitter:card\" content=\"summary_large_image\" \/>\n<meta name=\"twitter:label1\" content=\"Est. reading time\" \/>\n\t<meta name=\"twitter:data1\" content=\"1 minute\" \/>\n<script type=\"application\/ld+json\" class=\"yoast-schema-graph\">{\"@context\":\"https:\/\/schema.org\",\"@graph\":[{\"@type\":\"WebPage\",\"@id\":\"https:\/\/vitorlemos.pt\/index.php\/osteopatia-estrutural\/\",\"url\":\"https:\/\/vitorlemos.pt\/index.php\/osteopatia-estrutural\/\",\"name\":\"Osteopatia Estrutural - V\u00edtor Lemos - V.N. de Famalic\u00e3o\",\"isPartOf\":{\"@id\":\"https:\/\/vitorlemos.pt\/#website\"},\"datePublished\":\"2024-02-07T21:25:54+00:00\",\"dateModified\":\"2024-02-20T19:52:09+00:00\",\"description\":\"Rua Maria Seara, 277 LJ 3 Igreja Esmeriz V.N. de Famalic\u00e3o | 914 050 776 | Osteopatia Estrutural - V\u00edtor Lemos - V.N. de Famalic\u00e3o\",\"breadcrumb\":{\"@id\":\"https:\/\/vitorlemos.pt\/index.php\/osteopatia-estrutural\/#breadcrumb\"},\"inLanguage\":\"en-US\",\"potentialAction\":[{\"@type\":\"ReadAction\",\"target\":[\"https:\/\/vitorlemos.pt\/index.php\/osteopatia-estrutural\/\"]}]},{\"@type\":\"BreadcrumbList\",\"@id\":\"https:\/\/vitorlemos.pt\/index.php\/osteopatia-estrutural\/#breadcrumb\",\"itemListElement\":[{\"@type\":\"ListItem\",\"position\":1,\"name\":\"Home\",\"item\":\"https:\/\/vitorlemos.pt\/\"},{\"@type\":\"ListItem\",\"position\":2,\"name\":\"Osteopatia Estrutural\"}]},{\"@type\":\"WebSite\",\"@id\":\"https:\/\/vitorlemos.pt\/#website\",\"url\":\"https:\/\/vitorlemos.pt\/\",\"name\":\"Vitor Lemos Terapias\",\"description\":\"Rua Maria Seara, 277 LJ 3 Igreja Esmeriz V.N. de Famalic\u00e3o | 914 050 776 | Osteopatia | Osteopata em Famalic\u00e3o | Osteopatia visceral | Sacro craniana | Massagem recupera\u00e7\u00e3o\",\"publisher\":{\"@id\":\"https:\/\/vitorlemos.pt\/#organization\"},\"alternateName\":\"Vitor Lemos Osteopata\",\"potentialAction\":[{\"@type\":\"SearchAction\",\"target\":{\"@type\":\"EntryPoint\",\"urlTemplate\":\"https:\/\/vitorlemos.pt\/?s={search_term_string}\"},\"query-input\":\"required name=search_term_string\"}],\"inLanguage\":\"en-US\"},{\"@type\":\"Organization\",\"@id\":\"https:\/\/vitorlemos.pt\/#organization\",\"name\":\"Vitor Lemos Terapias\",\"alternateName\":\"Vitor Lemos Osteopata\",\"url\":\"https:\/\/vitorlemos.pt\/\",\"logo\":{\"@type\":\"ImageObject\",\"inLanguage\":\"en-US\",\"@id\":\"https:\/\/vitorlemos.pt\/#\/schema\/logo\/image\/\",\"url\":\"http:\/\/vitorlemos.pt\/wp-content\/uploads\/2023\/12\/logo.png\",\"contentUrl\":\"http:\/\/vitorlemos.pt\/wp-content\/uploads\/2023\/12\/logo.png\",\"width\":650,\"height\":384,\"caption\":\"Vitor Lemos Terapias\"},\"image\":{\"@id\":\"https:\/\/vitorlemos.pt\/#\/schema\/logo\/image\/\"}}]}<\/script>\n<!-- \/ Yoast SEO plugin. -->","yoast_head_json":{"title":"Osteopatia Estrutural - V\u00edtor Lemos - V.N. de Famalic\u00e3o","description":"Rua Maria Seara, 277 LJ 3 Igreja Esmeriz V.N. de Famalic\u00e3o | 914 050 776 | Osteopatia Estrutural - V\u00edtor Lemos - V.N. de Famalic\u00e3o","robots":{"index":"index","follow":"follow","max-snippet":"max-snippet:-1","max-image-preview":"max-image-preview:large","max-video-preview":"max-video-preview:-1"},"canonical":"https:\/\/vitorlemos.pt\/index.php\/osteopatia-estrutural\/","og_locale":"en_US","og_type":"article","og_title":"Osteopatia Estrutural - V\u00edtor Lemos - V.N. de Famalic\u00e3o","og_description":"Rua Maria Seara, 277 LJ 3 Igreja Esmeriz V.N. de Famalic\u00e3o | 914 050 776 | Osteopatia Estrutural - V\u00edtor Lemos - V.N. de Famalic\u00e3o","og_url":"https:\/\/vitorlemos.pt\/index.php\/osteopatia-estrutural\/","og_site_name":"Vitor Lemos Terapias","article_modified_time":"2024-02-20T19:52:09+00:00","og_image":[{"width":377,"height":384,"url":"https:\/\/vitorlemos.pt\/wp-content\/uploads\/2023\/12\/cropped-logo.png","type":"image\/png"}],"twitter_card":"summary_large_image","twitter_misc":{"Est. reading time":"1 minute"},"schema":{"@context":"https:\/\/schema.org","@graph":[{"@type":"WebPage","@id":"https:\/\/vitorlemos.pt\/index.php\/osteopatia-estrutural\/","url":"https:\/\/vitorlemos.pt\/index.php\/osteopatia-estrutural\/","name":"Osteopatia Estrutural - V\u00edtor Lemos - V.N. de Famalic\u00e3o","isPartOf":{"@id":"https:\/\/vitorlemos.pt\/#website"},"datePublished":"2024-02-07T21:25:54+00:00","dateModified":"2024-02-20T19:52:09+00:00","description":"Rua Maria Seara, 277 LJ 3 Igreja Esmeriz V.N. de Famalic\u00e3o | 914 050 776 | Osteopatia Estrutural - V\u00edtor Lemos - V.N. de Famalic\u00e3o","breadcrumb":{"@id":"https:\/\/vitorlemos.pt\/index.php\/osteopatia-estrutural\/#breadcrumb"},"inLanguage":"en-US","potentialAction":[{"@type":"ReadAction","target":["https:\/\/vitorlemos.pt\/index.php\/osteopatia-estrutural\/"]}]},{"@type":"BreadcrumbList","@id":"https:\/\/vitorlemos.pt\/index.php\/osteopatia-estrutural\/#breadcrumb","itemListElement":[{"@type":"ListItem","position":1,"name":"Home","item":"https:\/\/vitorlemos.pt\/"},{"@type":"ListItem","position":2,"name":"Osteopatia Estrutural"}]},{"@type":"WebSite","@id":"https:\/\/vitorlemos.pt\/#website","url":"https:\/\/vitorlemos.pt\/","name":"Vitor Lemos Terapias","description":"Rua Maria Seara, 277 LJ 3 Igreja Esmeriz V.N. de Famalic\u00e3o | 914 050 776 | Osteopatia | Osteopata em Famalic\u00e3o | Osteopatia visceral | Sacro craniana | Massagem recupera\u00e7\u00e3o","publisher":{"@id":"https:\/\/vitorlemos.pt\/#organization"},"alternateName":"Vitor Lemos Osteopata","potentialAction":[{"@type":"SearchAction","target":{"@type":"EntryPoint","urlTemplate":"https:\/\/vitorlemos.pt\/?s={search_term_string}"},"query-input":"required name=search_term_string"}],"inLanguage":"en-US"},{"@type":"Organization","@id":"https:\/\/vitorlemos.pt\/#organization","name":"Vitor Lemos Terapias","alternateName":"Vitor Lemos Osteopata","url":"https:\/\/vitorlemos.pt\/","logo":{"@type":"ImageObject","inLanguage":"en-US","@id":"https:\/\/vitorlemos.pt\/#\/schema\/logo\/image\/","url":"http:\/\/vitorlemos.pt\/wp-content\/uploads\/2023\/12\/logo.png","contentUrl":"http:\/\/vitorlemos.pt\/wp-content\/uploads\/2023\/12\/logo.png","width":650,"height":384,"caption":"Vitor Lemos Terapias"},"image":{"@id":"https:\/\/vitorlemos.pt\/#\/schema\/logo\/image\/"}}]}},"_links":{"self":[{"href":"https:\/\/vitorlemos.pt\/index.php\/wp-json\/wp\/v2\/pages\/1363"}],"collection":[{"href":"https:\/\/vitorlemos.pt\/index.php\/wp-json\/wp\/v2\/pages"}],"about":[{"href":"https:\/\/vitorlemos.pt\/index.php\/wp-json\/wp\/v2\/types\/page"}],"author":[{"embeddable":true,"href":"https:\/\/vitorlemos.pt\/index.php\/wp-json\/wp\/v2\/users\/1"}],"replies":[{"embeddable":true,"href":"https:\/\/vitorlemos.pt\/index.php\/wp-json\/wp\/v2\/comments?post=1363"}],"version-history":[{"count":10,"href":"https:\/\/vitorlemos.pt\/index.php\/wp-json\/wp\/v2\/pages\/1363\/revisions"}],"predecessor-version":[{"id":1416,"href":"https:\/\/vitorlemos.pt\/index.php\/wp-json\/wp\/v2\/pages\/1363\/revisions\/1416"}],"wp:attachment":[{"href":"https:\/\/vitorlemos.pt\/index.php\/wp-json\/wp\/v2\/media?parent=1363"}],"curies":[{"name":"wp","href":"https:\/\/api.w.org\/{rel}","templated":true}]}}