{"id":1377,"date":"2024-02-07T21:29:26","date_gmt":"2024-02-07T21:29:26","guid":{"rendered":"https:\/\/vitorlemos.pt\/?page_id=1377"},"modified":"2024-02-20T19:53:17","modified_gmt":"2024-02-20T19:53:17","slug":"osteopatia-visceral","status":"publish","type":"page","link":"https:\/\/vitorlemos.pt\/index.php\/osteopatia-visceral\/","title":{"rendered":"Osteopatia Visceral"},"content":{"rendered":"\t\t<div data-elementor-type=\"wp-page\" data-elementor-id=\"1377\" class=\"elementor elementor-1377\">\n\t\t\t\t<div class=\"elementor-element elementor-element-7edbfb7 e-flex e-con-boxed wpr-particle-no wpr-jarallax-no wpr-parallax-no wpr-sticky-section-no e-con e-parent\" data-id=\"7edbfb7\" data-element_type=\"container\" data-settings=\"{&quot;container_type&quot;:&quot;flex&quot;,&quot;content_width&quot;:&quot;boxed&quot;}\" data-core-v316-plus=\"true\">\n\t\t\t\t\t<div class=\"e-con-inner\">\n\t\t<div class=\"elementor-element elementor-element-e6deaae e-flex e-con-boxed wpr-particle-no wpr-jarallax-no wpr-parallax-no wpr-sticky-section-no e-con e-child\" data-id=\"e6deaae\" data-element_type=\"container\" data-settings=\"{&quot;container_type&quot;:&quot;flex&quot;,&quot;content_width&quot;:&quot;boxed&quot;}\">\n\t\t\t\t\t<div class=\"e-con-inner\">\n\t\t<div class=\"elementor-element elementor-element-9031890 e-flex e-con-boxed wpr-particle-no wpr-jarallax-no wpr-parallax-no wpr-sticky-section-no e-con e-child\" data-id=\"9031890\" data-element_type=\"container\" data-settings=\"{&quot;container_type&quot;:&quot;flex&quot;,&quot;content_width&quot;:&quot;boxed&quot;}\">\n\t\t\t\t\t<div class=\"e-con-inner\">\n\t\t\t\t\t<\/div>\n\t\t\t\t<\/div>\n\t\t\t\t\t<\/div>\n\t\t\t\t<\/div>\n\t\t\t\t<div class=\"elementor-element elementor-element-6e36795 elementor-widget elementor-widget-heading\" data-id=\"6e36795\" data-element_type=\"widget\" data-widget_type=\"heading.default\">\n\t\t\t\t<div class=\"elementor-widget-container\">\n\t\t\t<style>\/*! elementor - v3.19.0 - 07-02-2024 *\/\n.elementor-heading-title{padding:0;margin:0;line-height:1}.elementor-widget-heading .elementor-heading-title[class*=elementor-size-]>a{color:inherit;font-size:inherit;line-height:inherit}.elementor-widget-heading .elementor-heading-title.elementor-size-small{font-size:15px}.elementor-widget-heading .elementor-heading-title.elementor-size-medium{font-size:19px}.elementor-widget-heading .elementor-heading-title.elementor-size-large{font-size:29px}.elementor-widget-heading .elementor-heading-title.elementor-size-xl{font-size:39px}.elementor-widget-heading .elementor-heading-title.elementor-size-xxl{font-size:59px}<\/style><h1 class=\"elementor-heading-title elementor-size-large\">O que \u00e9 a Osteopatia Visceral?<\/h1>\t\t<\/div>\n\t\t\t\t<\/div>\n\t\t\t\t\t<\/div>\n\t\t\t\t<\/div>\n\t\t<div class=\"elementor-element elementor-element-88acf04 e-flex e-con-boxed wpr-particle-no wpr-jarallax-no wpr-parallax-no wpr-sticky-section-no e-con e-parent\" data-id=\"88acf04\" data-element_type=\"container\" data-settings=\"{&quot;container_type&quot;:&quot;flex&quot;,&quot;content_width&quot;:&quot;boxed&quot;}\" data-core-v316-plus=\"true\">\n\t\t\t\t\t<div class=\"e-con-inner\">\n\t\t\t\t<div class=\"elementor-element elementor-element-ef1c364 elementor-widget elementor-widget-text-editor\" data-id=\"ef1c364\" data-element_type=\"widget\" data-widget_type=\"text-editor.default\">\n\t\t\t\t<div class=\"elementor-widget-container\">\n\t\t\t<style>\/*! elementor - v3.19.0 - 07-02-2024 *\/\n.elementor-widget-text-editor.elementor-drop-cap-view-stacked .elementor-drop-cap{background-color:#69727d;color:#fff}.elementor-widget-text-editor.elementor-drop-cap-view-framed .elementor-drop-cap{color:#69727d;border:3px solid;background-color:transparent}.elementor-widget-text-editor:not(.elementor-drop-cap-view-default) .elementor-drop-cap{margin-top:8px}.elementor-widget-text-editor:not(.elementor-drop-cap-view-default) .elementor-drop-cap-letter{width:1em;height:1em}.elementor-widget-text-editor .elementor-drop-cap{float:left;text-align:center;line-height:1;font-size:50px}.elementor-widget-text-editor .elementor-drop-cap-letter{display:inline-block}<\/style>\t\t\t\t<p>Esta abordagem terap\u00eautica, est\u00e1 direcionada para os problemas relacionados com os \u00f3rg\u00e3os (f\u00edgado, cora\u00e7\u00e3o e pulm\u00f5es) e as v\u00edsceras do corpo (intestinos, e ves\u00edcula) e, tem como objetivo, melhorar o funcionamento dos mesmos e respetivos tecidos conjuntivos.<\/p>\n<p>No corpo, todos os \u00f3rg\u00e3os est\u00e3o em constante movimento, quer se tenha perce\u00e7\u00e3o disso ou n\u00e3o e, todos necessitam de estar em sincronia uns com os outros e com toda a estrutura de uma forma geral, para que o seu funcionamento seja pleno.&nbsp;<\/p>\n<p>Quando isto n\u00e3o acontece, surgem irrita\u00e7\u00f5es, bloqueios, que se manifestam, quer no funcionamento do \u00f3rg\u00e3o em quest\u00e3o, quer nos que o rodeiam, podendo afetar tamb\u00e9m a estrutura, com reflexos de dor noutras zonas do corpo.<\/p>\t\t\t\t\t\t<\/div>\n\t\t\t\t<\/div>\n\t\t\t\t\t<\/div>\n\t\t\t\t<\/div>\n\t\t<div class=\"elementor-element elementor-element-1d6e943 e-flex e-con-boxed wpr-particle-no wpr-jarallax-no wpr-parallax-no wpr-sticky-section-no e-con e-parent\" data-id=\"1d6e943\" data-element_type=\"container\" data-settings=\"{&quot;container_type&quot;:&quot;flex&quot;,&quot;content_width&quot;:&quot;boxed&quot;}\" data-core-v316-plus=\"true\">\n\t\t\t\t\t<div class=\"e-con-inner\">\n\t\t<div class=\"elementor-element elementor-element-564c131 e-flex e-con-boxed wpr-particle-no wpr-jarallax-no wpr-parallax-no wpr-sticky-section-no e-con e-child\" data-id=\"564c131\" data-element_type=\"container\" data-settings=\"{&quot;container_type&quot;:&quot;flex&quot;,&quot;content_width&quot;:&quot;boxed&quot;}\">\n\t\t\t\t\t<div class=\"e-con-inner\">\n\t\t\t\t<div class=\"elementor-element elementor-element-9bbeddb elementor-widget elementor-widget-text-editor\" data-id=\"9bbeddb\" data-element_type=\"widget\" data-widget_type=\"text-editor.default\">\n\t\t\t\t<div class=\"elementor-widget-container\">\n\t\t\t\t\t\t\t<p><em>\u201cSe tudo estiver equilibrado, n\u00e3o h\u00e1 espa\u00e7o para a doen\u00e7a.\u201d &#8211;<\/em>&nbsp;Cl\u00e1udio Pestana<\/p>\t\t\t\t\t\t<\/div>\n\t\t\t\t<\/div>\n\t\t\t\t\t<\/div>\n\t\t\t\t<\/div>\n\t\t\t\t\t<\/div>\n\t\t\t\t<\/div>\n\t\t\t\t<\/div>\n\t\t","protected":false},"excerpt":{"rendered":"<p>O que \u00e9 a Osteopatia Visceral? Esta abordagem terap\u00eautica, est\u00e1 direcionada para os problemas relacionados com os \u00f3rg\u00e3os (f\u00edgado, cora\u00e7\u00e3o e pulm\u00f5es) e as v\u00edsceras do corpo (intestinos, e ves\u00edcula) e, tem como objetivo, melhorar o funcionamento dos mesmos e respetivos tecidos conjuntivos. No corpo, todos os \u00f3rg\u00e3os est\u00e3o em constante movimento, quer se tenha [&hellip;]<\/p>\n","protected":false},"author":1,"featured_media":0,"parent":0,"menu_order":0,"comment_status":"closed","ping_status":"closed","template":"elementor_header_footer","meta":{"footnotes":""},"yoast_head":"<!-- This site is optimized with the Yoast SEO plugin v22.0 - https:\/\/yoast.com\/wordpress\/plugins\/seo\/ -->\n<title>Osteopatia Visceral - V\u00edtor Lemos - V.N. de Famalic\u00e3o<\/title>\n<meta name=\"description\" content=\"Rua Maria Seara, 277 LJ 3 Igreja Esmeriz V.N. de Famalic\u00e3o | 914 050 776 | Osteopatia Visceral - V\u00edtor Lemos - V.N. de Famalic\u00e3o\" \/>\n<meta name=\"robots\" content=\"index, follow, max-snippet:-1, max-image-preview:large, max-video-preview:-1\" \/>\n<link rel=\"canonical\" href=\"https:\/\/vitorlemos.pt\/index.php\/osteopatia-visceral\/\" \/>\n<meta property=\"og:locale\" content=\"en_US\" \/>\n<meta property=\"og:type\" content=\"article\" \/>\n<meta property=\"og:title\" content=\"Osteopatia Visceral - V\u00edtor Lemos - V.N. de Famalic\u00e3o\" \/>\n<meta property=\"og:description\" content=\"Rua Maria Seara, 277 LJ 3 Igreja Esmeriz V.N. de Famalic\u00e3o | 914 050 776 | Osteopatia Visceral - V\u00edtor Lemos - V.N. de Famalic\u00e3o\" \/>\n<meta property=\"og:url\" content=\"https:\/\/vitorlemos.pt\/index.php\/osteopatia-visceral\/\" \/>\n<meta property=\"og:site_name\" content=\"Vitor Lemos Terapias\" \/>\n<meta property=\"article:modified_time\" content=\"2024-02-20T19:53:17+00:00\" \/>\n<meta property=\"og:image\" content=\"https:\/\/vitorlemos.pt\/wp-content\/uploads\/2023\/12\/cropped-logo.png\" \/>\n\t<meta property=\"og:image:width\" content=\"377\" \/>\n\t<meta property=\"og:image:height\" content=\"384\" \/>\n\t<meta property=\"og:image:type\" content=\"image\/png\" \/>\n<meta name=\"twitter:card\" content=\"summary_large_image\" \/>\n<meta name=\"twitter:label1\" content=\"Est. reading time\" \/>\n\t<meta name=\"twitter:data1\" content=\"1 minute\" \/>\n<script type=\"application\/ld+json\" class=\"yoast-schema-graph\">{\"@context\":\"https:\/\/schema.org\",\"@graph\":[{\"@type\":\"WebPage\",\"@id\":\"https:\/\/vitorlemos.pt\/index.php\/osteopatia-visceral\/\",\"url\":\"https:\/\/vitorlemos.pt\/index.php\/osteopatia-visceral\/\",\"name\":\"Osteopatia Visceral - V\u00edtor Lemos - V.N. de Famalic\u00e3o\",\"isPartOf\":{\"@id\":\"https:\/\/vitorlemos.pt\/#website\"},\"datePublished\":\"2024-02-07T21:29:26+00:00\",\"dateModified\":\"2024-02-20T19:53:17+00:00\",\"description\":\"Rua Maria Seara, 277 LJ 3 Igreja Esmeriz V.N. de Famalic\u00e3o | 914 050 776 | Osteopatia Visceral - V\u00edtor Lemos - V.N. de Famalic\u00e3o\",\"breadcrumb\":{\"@id\":\"https:\/\/vitorlemos.pt\/index.php\/osteopatia-visceral\/#breadcrumb\"},\"inLanguage\":\"en-US\",\"potentialAction\":[{\"@type\":\"ReadAction\",\"target\":[\"https:\/\/vitorlemos.pt\/index.php\/osteopatia-visceral\/\"]}]},{\"@type\":\"BreadcrumbList\",\"@id\":\"https:\/\/vitorlemos.pt\/index.php\/osteopatia-visceral\/#breadcrumb\",\"itemListElement\":[{\"@type\":\"ListItem\",\"position\":1,\"name\":\"Home\",\"item\":\"https:\/\/vitorlemos.pt\/\"},{\"@type\":\"ListItem\",\"position\":2,\"name\":\"Osteopatia Visceral\"}]},{\"@type\":\"WebSite\",\"@id\":\"https:\/\/vitorlemos.pt\/#website\",\"url\":\"https:\/\/vitorlemos.pt\/\",\"name\":\"Vitor Lemos Terapias\",\"description\":\"Rua Maria Seara, 277 LJ 3 Igreja Esmeriz V.N. de Famalic\u00e3o | 914 050 776 | Osteopatia | Osteopata em Famalic\u00e3o | Osteopatia visceral | Sacro craniana | Massagem recupera\u00e7\u00e3o\",\"publisher\":{\"@id\":\"https:\/\/vitorlemos.pt\/#organization\"},\"alternateName\":\"Vitor Lemos Osteopata\",\"potentialAction\":[{\"@type\":\"SearchAction\",\"target\":{\"@type\":\"EntryPoint\",\"urlTemplate\":\"https:\/\/vitorlemos.pt\/?s={search_term_string}\"},\"query-input\":\"required name=search_term_string\"}],\"inLanguage\":\"en-US\"},{\"@type\":\"Organization\",\"@id\":\"https:\/\/vitorlemos.pt\/#organization\",\"name\":\"Vitor Lemos Terapias\",\"alternateName\":\"Vitor Lemos Osteopata\",\"url\":\"https:\/\/vitorlemos.pt\/\",\"logo\":{\"@type\":\"ImageObject\",\"inLanguage\":\"en-US\",\"@id\":\"https:\/\/vitorlemos.pt\/#\/schema\/logo\/image\/\",\"url\":\"http:\/\/vitorlemos.pt\/wp-content\/uploads\/2023\/12\/logo.png\",\"contentUrl\":\"http:\/\/vitorlemos.pt\/wp-content\/uploads\/2023\/12\/logo.png\",\"width\":650,\"height\":384,\"caption\":\"Vitor Lemos Terapias\"},\"image\":{\"@id\":\"https:\/\/vitorlemos.pt\/#\/schema\/logo\/image\/\"}}]}<\/script>\n<!-- \/ Yoast SEO plugin. -->","yoast_head_json":{"title":"Osteopatia Visceral - V\u00edtor Lemos - V.N. de Famalic\u00e3o","description":"Rua Maria Seara, 277 LJ 3 Igreja Esmeriz V.N. de Famalic\u00e3o | 914 050 776 | Osteopatia Visceral - V\u00edtor Lemos - V.N. de Famalic\u00e3o","robots":{"index":"index","follow":"follow","max-snippet":"max-snippet:-1","max-image-preview":"max-image-preview:large","max-video-preview":"max-video-preview:-1"},"canonical":"https:\/\/vitorlemos.pt\/index.php\/osteopatia-visceral\/","og_locale":"en_US","og_type":"article","og_title":"Osteopatia Visceral - V\u00edtor Lemos - V.N. de Famalic\u00e3o","og_description":"Rua Maria Seara, 277 LJ 3 Igreja Esmeriz V.N. de Famalic\u00e3o | 914 050 776 | Osteopatia Visceral - V\u00edtor Lemos - V.N. de Famalic\u00e3o","og_url":"https:\/\/vitorlemos.pt\/index.php\/osteopatia-visceral\/","og_site_name":"Vitor Lemos Terapias","article_modified_time":"2024-02-20T19:53:17+00:00","og_image":[{"width":377,"height":384,"url":"https:\/\/vitorlemos.pt\/wp-content\/uploads\/2023\/12\/cropped-logo.png","type":"image\/png"}],"twitter_card":"summary_large_image","twitter_misc":{"Est. reading time":"1 minute"},"schema":{"@context":"https:\/\/schema.org","@graph":[{"@type":"WebPage","@id":"https:\/\/vitorlemos.pt\/index.php\/osteopatia-visceral\/","url":"https:\/\/vitorlemos.pt\/index.php\/osteopatia-visceral\/","name":"Osteopatia Visceral - V\u00edtor Lemos - V.N. de Famalic\u00e3o","isPartOf":{"@id":"https:\/\/vitorlemos.pt\/#website"},"datePublished":"2024-02-07T21:29:26+00:00","dateModified":"2024-02-20T19:53:17+00:00","description":"Rua Maria Seara, 277 LJ 3 Igreja Esmeriz V.N. de Famalic\u00e3o | 914 050 776 | Osteopatia Visceral - V\u00edtor Lemos - V.N. de Famalic\u00e3o","breadcrumb":{"@id":"https:\/\/vitorlemos.pt\/index.php\/osteopatia-visceral\/#breadcrumb"},"inLanguage":"en-US","potentialAction":[{"@type":"ReadAction","target":["https:\/\/vitorlemos.pt\/index.php\/osteopatia-visceral\/"]}]},{"@type":"BreadcrumbList","@id":"https:\/\/vitorlemos.pt\/index.php\/osteopatia-visceral\/#breadcrumb","itemListElement":[{"@type":"ListItem","position":1,"name":"Home","item":"https:\/\/vitorlemos.pt\/"},{"@type":"ListItem","position":2,"name":"Osteopatia Visceral"}]},{"@type":"WebSite","@id":"https:\/\/vitorlemos.pt\/#website","url":"https:\/\/vitorlemos.pt\/","name":"Vitor Lemos Terapias","description":"Rua Maria Seara, 277 LJ 3 Igreja Esmeriz V.N. de Famalic\u00e3o | 914 050 776 | Osteopatia | Osteopata em Famalic\u00e3o | Osteopatia visceral | Sacro craniana | Massagem recupera\u00e7\u00e3o","publisher":{"@id":"https:\/\/vitorlemos.pt\/#organization"},"alternateName":"Vitor Lemos Osteopata","potentialAction":[{"@type":"SearchAction","target":{"@type":"EntryPoint","urlTemplate":"https:\/\/vitorlemos.pt\/?s={search_term_string}"},"query-input":"required name=search_term_string"}],"inLanguage":"en-US"},{"@type":"Organization","@id":"https:\/\/vitorlemos.pt\/#organization","name":"Vitor Lemos Terapias","alternateName":"Vitor Lemos Osteopata","url":"https:\/\/vitorlemos.pt\/","logo":{"@type":"ImageObject","inLanguage":"en-US","@id":"https:\/\/vitorlemos.pt\/#\/schema\/logo\/image\/","url":"http:\/\/vitorlemos.pt\/wp-content\/uploads\/2023\/12\/logo.png","contentUrl":"http:\/\/vitorlemos.pt\/wp-content\/uploads\/2023\/12\/logo.png","width":650,"height":384,"caption":"Vitor Lemos Terapias"},"image":{"@id":"https:\/\/vitorlemos.pt\/#\/schema\/logo\/image\/"}}]}},"_links":{"self":[{"href":"https:\/\/vitorlemos.pt\/index.php\/wp-json\/wp\/v2\/pages\/1377"}],"collection":[{"href":"https:\/\/vitorlemos.pt\/index.php\/wp-json\/wp\/v2\/pages"}],"about":[{"href":"https:\/\/vitorlemos.pt\/index.php\/wp-json\/wp\/v2\/types\/page"}],"author":[{"embeddable":true,"href":"https:\/\/vitorlemos.pt\/index.php\/wp-json\/wp\/v2\/users\/1"}],"replies":[{"embeddable":true,"href":"https:\/\/vitorlemos.pt\/index.php\/wp-json\/wp\/v2\/comments?post=1377"}],"version-history":[{"count":7,"href":"https:\/\/vitorlemos.pt\/index.php\/wp-json\/wp\/v2\/pages\/1377\/revisions"}],"predecessor-version":[{"id":1413,"href":"https:\/\/vitorlemos.pt\/index.php\/wp-json\/wp\/v2\/pages\/1377\/revisions\/1413"}],"wp:attachment":[{"href":"https:\/\/vitorlemos.pt\/index.php\/wp-json\/wp\/v2\/media?parent=1377"}],"curies":[{"name":"wp","href":"https:\/\/api.w.org\/{rel}","templated":true}]}}