{"id":148,"date":"2023-12-16T07:46:47","date_gmt":"2023-12-16T07:46:47","guid":{"rendered":"https:\/\/vitorlemos.pt\/?page_id=148"},"modified":"2024-02-21T20:58:53","modified_gmt":"2024-02-21T20:58:53","slug":"sobre-nos","status":"publish","type":"page","link":"https:\/\/vitorlemos.pt\/index.php\/sobre-nos\/","title":{"rendered":"Sobre N\u00f3s"},"content":{"rendered":"\t\t<div data-elementor-type=\"wp-page\" data-elementor-id=\"148\" class=\"elementor elementor-148\">\n\t\t\t\t<div class=\"elementor-element elementor-element-44dd29d e-flex e-con-boxed wpr-particle-no wpr-jarallax-no wpr-parallax-no wpr-sticky-section-no e-con e-parent\" data-id=\"44dd29d\" data-element_type=\"container\" data-settings=\"{&quot;background_background&quot;:&quot;classic&quot;,&quot;container_type&quot;:&quot;flex&quot;,&quot;content_width&quot;:&quot;boxed&quot;}\" data-e-bg-lazyload=\"\" data-core-v316-plus=\"true\">\n\t\t\t\t\t<div class=\"e-con-inner\">\n\t\t\t\t<div class=\"elementor-element elementor-element-8d1a203 elementor-invisible elementor-widget elementor-widget-heading\" data-id=\"8d1a203\" data-element_type=\"widget\" data-settings=\"{&quot;_animation&quot;:&quot;slideInLeft&quot;}\" data-widget_type=\"heading.default\">\n\t\t\t\t<div class=\"elementor-widget-container\">\n\t\t\t<style>\/*! elementor - v3.19.0 - 07-02-2024 *\/\n.elementor-heading-title{padding:0;margin:0;line-height:1}.elementor-widget-heading .elementor-heading-title[class*=elementor-size-]>a{color:inherit;font-size:inherit;line-height:inherit}.elementor-widget-heading .elementor-heading-title.elementor-size-small{font-size:15px}.elementor-widget-heading .elementor-heading-title.elementor-size-medium{font-size:19px}.elementor-widget-heading .elementor-heading-title.elementor-size-large{font-size:29px}.elementor-widget-heading .elementor-heading-title.elementor-size-xl{font-size:39px}.elementor-widget-heading .elementor-heading-title.elementor-size-xxl{font-size:59px}<\/style><h2 class=\"elementor-heading-title elementor-size-default\">Osteopata  Vitor Lemos<\/h2>\t\t<\/div>\n\t\t\t\t<\/div>\n\t\t\t\t\t<\/div>\n\t\t\t\t<\/div>\n\t\t<div class=\"elementor-element elementor-element-3378946 e-flex e-con-boxed wpr-particle-no wpr-jarallax-no wpr-parallax-no wpr-sticky-section-no e-con e-parent\" data-id=\"3378946\" data-element_type=\"container\" data-settings=\"{&quot;container_type&quot;:&quot;flex&quot;,&quot;content_width&quot;:&quot;boxed&quot;}\" data-core-v316-plus=\"true\">\n\t\t\t\t\t<div class=\"e-con-inner\">\n\t\t<div class=\"elementor-element elementor-element-4c760cf e-con-full e-flex wpr-particle-no wpr-jarallax-no wpr-parallax-no wpr-sticky-section-no elementor-invisible e-con e-child\" data-id=\"4c760cf\" data-element_type=\"container\" data-settings=\"{&quot;content_width&quot;:&quot;full&quot;,&quot;animation&quot;:&quot;slideInLeft&quot;,&quot;container_type&quot;:&quot;flex&quot;}\">\n\t\t\t\t<div class=\"elementor-element elementor-element-bc89eaf elementor-widget elementor-widget-image\" data-id=\"bc89eaf\" data-element_type=\"widget\" data-widget_type=\"image.default\">\n\t\t\t\t<div class=\"elementor-widget-container\">\n\t\t\t<style>\/*! elementor - v3.19.0 - 07-02-2024 *\/\n.elementor-widget-image{text-align:center}.elementor-widget-image a{display:inline-block}.elementor-widget-image a img[src$=\".svg\"]{width:48px}.elementor-widget-image img{vertical-align:middle;display:inline-block}<\/style>\t\t\t\t\t\t\t\t\t\t<img fetchpriority=\"high\" decoding=\"async\" width=\"733\" height=\"1024\" src=\"https:\/\/vitorlemos.pt\/wp-content\/uploads\/2024\/02\/49c0a186-01aa-4004-ae89-2981d5221dc5-733x1024.jpg\" class=\"attachment-large size-large wp-image-1510\" alt=\"\" srcset=\"https:\/\/vitorlemos.pt\/wp-content\/uploads\/2024\/02\/49c0a186-01aa-4004-ae89-2981d5221dc5-733x1024.jpg 733w, https:\/\/vitorlemos.pt\/wp-content\/uploads\/2024\/02\/49c0a186-01aa-4004-ae89-2981d5221dc5-215x300.jpg 215w, https:\/\/vitorlemos.pt\/wp-content\/uploads\/2024\/02\/49c0a186-01aa-4004-ae89-2981d5221dc5-768x1073.jpg 768w, https:\/\/vitorlemos.pt\/wp-content\/uploads\/2024\/02\/49c0a186-01aa-4004-ae89-2981d5221dc5.jpg 999w\" sizes=\"(max-width: 733px) 100vw, 733px\" \/>\t\t\t\t\t\t\t\t\t\t\t\t\t<\/div>\n\t\t\t\t<\/div>\n\t\t\t\t<div class=\"elementor-element elementor-element-c3adcd5 elementor-widget elementor-widget-heading\" data-id=\"c3adcd5\" data-element_type=\"widget\" data-widget_type=\"heading.default\">\n\t\t\t\t<div class=\"elementor-widget-container\">\n\t\t\t<h2 class=\"elementor-heading-title elementor-size-default\">Osteopata Vitor Lemos<\/h2>\t\t<\/div>\n\t\t\t\t<\/div>\n\t\t\t\t<div class=\"elementor-element elementor-element-ac742ee elementor-widget elementor-widget-heading\" data-id=\"ac742ee\" data-element_type=\"widget\" data-widget_type=\"heading.default\">\n\t\t\t\t<div class=\"elementor-widget-container\">\n\t\t\t<h2 class=\"elementor-heading-title elementor-size-default\">Osteopatia Integrativa\n( C\u00e9dula Profissional n. C 0031602 )<\/h2>\t\t<\/div>\n\t\t\t\t<\/div>\n\t\t\t\t<div class=\"elementor-element elementor-element-b0989a6 elementor-widget elementor-widget-spacer\" data-id=\"b0989a6\" data-element_type=\"widget\" data-widget_type=\"spacer.default\">\n\t\t\t\t<div class=\"elementor-widget-container\">\n\t\t\t<style>\/*! elementor - v3.19.0 - 07-02-2024 *\/\n.elementor-column .elementor-spacer-inner{height:var(--spacer-size)}.e-con{--container-widget-width:100%}.e-con-inner>.elementor-widget-spacer,.e-con>.elementor-widget-spacer{width:var(--container-widget-width,var(--spacer-size));--align-self:var(--container-widget-align-self,initial);--flex-shrink:0}.e-con-inner>.elementor-widget-spacer>.elementor-widget-container,.e-con>.elementor-widget-spacer>.elementor-widget-container{height:100%;width:100%}.e-con-inner>.elementor-widget-spacer>.elementor-widget-container>.elementor-spacer,.e-con>.elementor-widget-spacer>.elementor-widget-container>.elementor-spacer{height:100%}.e-con-inner>.elementor-widget-spacer>.elementor-widget-container>.elementor-spacer>.elementor-spacer-inner,.e-con>.elementor-widget-spacer>.elementor-widget-container>.elementor-spacer>.elementor-spacer-inner{height:var(--container-widget-height,var(--spacer-size))}.e-con-inner>.elementor-widget-spacer.elementor-widget-empty,.e-con>.elementor-widget-spacer.elementor-widget-empty{position:relative;min-height:22px;min-width:22px}.e-con-inner>.elementor-widget-spacer.elementor-widget-empty .elementor-widget-empty-icon,.e-con>.elementor-widget-spacer.elementor-widget-empty .elementor-widget-empty-icon{position:absolute;top:0;bottom:0;left:0;right:0;margin:auto;padding:0;width:22px;height:22px}<\/style>\t\t<div class=\"elementor-spacer\">\n\t\t\t<div class=\"elementor-spacer-inner\"><\/div>\n\t\t<\/div>\n\t\t\t\t<\/div>\n\t\t\t\t<\/div>\n\t\t\t\t<\/div>\n\t\t<div class=\"elementor-element elementor-element-0cd22f5 e-con-full e-flex wpr-particle-no wpr-jarallax-no wpr-parallax-no wpr-sticky-section-no elementor-invisible e-con e-child\" data-id=\"0cd22f5\" data-element_type=\"container\" data-settings=\"{&quot;content_width&quot;:&quot;full&quot;,&quot;animation&quot;:&quot;slideInRight&quot;,&quot;container_type&quot;:&quot;flex&quot;}\">\n\t\t\t\t<div class=\"elementor-element elementor-element-17b48e3 elementor-widget elementor-widget-text-editor\" data-id=\"17b48e3\" data-element_type=\"widget\" data-widget_type=\"text-editor.default\">\n\t\t\t\t<div class=\"elementor-widget-container\">\n\t\t\t<style>\/*! elementor - v3.19.0 - 07-02-2024 *\/\n.elementor-widget-text-editor.elementor-drop-cap-view-stacked .elementor-drop-cap{background-color:#69727d;color:#fff}.elementor-widget-text-editor.elementor-drop-cap-view-framed .elementor-drop-cap{color:#69727d;border:3px solid;background-color:transparent}.elementor-widget-text-editor:not(.elementor-drop-cap-view-default) .elementor-drop-cap{margin-top:8px}.elementor-widget-text-editor:not(.elementor-drop-cap-view-default) .elementor-drop-cap-letter{width:1em;height:1em}.elementor-widget-text-editor .elementor-drop-cap{float:left;text-align:center;line-height:1;font-size:50px}.elementor-widget-text-editor .elementor-drop-cap-letter{display:inline-block}<\/style>\t\t\t\t<p>Ol\u00e1, bem vindo!\u00a0<\/p><p>O meu nome \u00e9 Vitor Lemos e como ser humano e Osteopata, o meu objetivo \u00e9 que possamos alcan\u00e7ar um estado de plenitude e bem-estar entre mente, corpo e estilo de vida. Na minha atividade realizo sess\u00f5es individuais, que decorrem num ambiente seguro, privilegiando o conforto e a confian\u00e7a.<\/p><p>Sou Osteopata, especializado no tratamento da dor m\u00fasculo-esquel\u00e9tica e o meu percurso come\u00e7ou como paciente, pois sofri de dores durante alguns anos, sem conseguir encontrar al\u00edvio, nas diferentes alternativas que experimentei.<\/p><p>Descobri ent\u00e3o a Osteopatia e a massagem de recupera\u00e7\u00e3o e, as dores acabaram por desaparecer progressivamente. Depois de viver esta experi\u00eancia, decidi compreender mais sobre o funcionamento do corpo humano e, assim, ao saciar a minha curiosidade sobre o meu problema, aprendi as t\u00e9cnicas desta arte e tornei-me massagista de recupera\u00e7\u00e3o e mais tarde osteopata.<\/p><p>\u00a0Ao longo do meu percurso, procurei aprimorar as minhas habilidades espec\u00edficas, iniciando na \u00e1rea da massagem de recupera\u00e7\u00e3o, lecionada pelo SIMAC e ap\u00f3s finalizar o curso, quis aprofundar o meu conhecimento, realizando o curso de massagem desportiva, colocando mais tarde, a minha aprendizagem em pr\u00e1tica, no mundo da alta competi\u00e7\u00e3o. Esta viv\u00eancia proporcionou-me uma compreens\u00e3o abrangente da especificidade de uma les\u00e3o e da recupera\u00e7\u00e3o dos atletas de alta competi\u00e7\u00e3o. Apesar do conhecimento j\u00e1 adquirido, ainda sentia que faltava algo que pudesse complementar os tratamentos, surgindo assim a Osteopatia.<\/p><p>O primeiro passo foi o Curso de Especializa\u00e7\u00e3o em Cl\u00ednica Osteop\u00e1tica, no Instituto Borges de Sousa. Sob a orienta\u00e7\u00e3o de profissionais altamente qualificados, adquiri conhecimentos te\u00f3ricos s\u00f3lidos e habilidades pr\u00e1ticas essenciais para uma atua\u00e7\u00e3o eficaz na cl\u00ednica osteop\u00e1tica.<\/p><p>A segunda etapa deste enriquecimento profissional foi o Curso de Especializa\u00e7\u00e3o em Terapias Manipulativas e Osteop\u00e1ticas, pela Escola Superior da Cruz Vermelha de Lisboa. Neste curso, aprofundei o meu conhecimento sobre as diferentes t\u00e9cnicas manipulativas e a sua aplica\u00e7\u00e3o em situa\u00e7\u00f5es cl\u00ednicas espec\u00edficas.<\/p><p>Este conjunto de conhecimentos adquiridos, permite-me, atualmente, combinar t\u00e9cnicas, num protocolo \u00fanico, adequado \u00e0 especificidade de cada paciente, visando o bem-estar e o desempenho otimizado.<\/p><div>\u00a0<\/div>\t\t\t\t\t\t<\/div>\n\t\t\t\t<\/div>\n\t\t\t\t<div class=\"elementor-element elementor-element-47bd0ce elementor-mobile-align-center elementor-widget elementor-widget-button\" data-id=\"47bd0ce\" data-element_type=\"widget\" data-widget_type=\"button.default\">\n\t\t\t\t<div class=\"elementor-widget-container\">\n\t\t\t\t\t<div class=\"elementor-button-wrapper\">\n\t\t\t<a class=\"elementor-button elementor-button-link elementor-size-sm\" href=\"\/index.php\/contactos\/\">\n\t\t\t\t\t\t<span class=\"elementor-button-content-wrapper\">\n\t\t\t\t\t\t<span class=\"elementor-button-icon elementor-align-icon-right\">\n\t\t\t\t<svg aria-hidden=\"true\" class=\"e-font-icon-svg e-fas-chevron-right\" viewBox=\"0 0 320 512\" xmlns=\"http:\/\/www.w3.org\/2000\/svg\"><path d=\"M285.476 272.971L91.132 467.314c-9.373 9.373-24.569 9.373-33.941 0l-22.667-22.667c-9.357-9.357-9.375-24.522-.04-33.901L188.505 256 34.484 101.255c-9.335-9.379-9.317-24.544.04-33.901l22.667-22.667c9.373-9.373 24.569-9.373 33.941 0L285.475 239.03c9.373 9.372 9.373 24.568.001 33.941z\"><\/path><\/svg>\t\t\t<\/span>\n\t\t\t\t\t\t<span class=\"elementor-button-text\">Marque uma consulta<\/span>\n\t\t<\/span>\n\t\t\t\t\t<\/a>\n\t\t<\/div>\n\t\t\t\t<\/div>\n\t\t\t\t<\/div>\n\t\t\t\t<\/div>\n\t\t\t\t\t<\/div>\n\t\t\t\t<\/div>\n\t\t\t\t<\/div>\n\t\t","protected":false},"excerpt":{"rendered":"<p>Osteopata Vitor Lemos Osteopata Vitor Lemos Osteopatia Integrativa ( C\u00e9dula Profissional n. C 0031602 ) Ol\u00e1, bem vindo!\u00a0 O meu nome \u00e9 Vitor Lemos e como ser humano e Osteopata, o meu objetivo \u00e9 que possamos alcan\u00e7ar um estado de plenitude e bem-estar entre mente, corpo e estilo de vida. Na minha atividade realizo sess\u00f5es [&hellip;]<\/p>\n","protected":false},"author":1,"featured_media":0,"parent":0,"menu_order":0,"comment_status":"closed","ping_status":"closed","template":"elementor_header_footer","meta":{"footnotes":""},"yoast_head":"<!-- This site is optimized with the Yoast SEO plugin v22.0 - https:\/\/yoast.com\/wordpress\/plugins\/seo\/ -->\n<title>Sobre N\u00f3s - V\u00edtor Lemos - V.N. de Famalic\u00e3o<\/title>\n<meta name=\"description\" content=\"Rua Maria Seara, 277 LJ 3 Igreja Esmeriz V.N. de Famalic\u00e3o | 914 050 776 | Sobre N\u00f3s - V\u00edtor Lemos - V.N. de Famalic\u00e3o\" \/>\n<meta name=\"robots\" content=\"index, follow, max-snippet:-1, max-image-preview:large, max-video-preview:-1\" \/>\n<link rel=\"canonical\" href=\"https:\/\/vitorlemos.pt\/index.php\/sobre-nos\/\" \/>\n<meta property=\"og:locale\" content=\"en_US\" \/>\n<meta property=\"og:type\" content=\"article\" \/>\n<meta property=\"og:title\" content=\"Sobre N\u00f3s - V\u00edtor Lemos - V.N. de Famalic\u00e3o\" \/>\n<meta property=\"og:description\" content=\"Rua Maria Seara, 277 LJ 3 Igreja Esmeriz V.N. de Famalic\u00e3o | 914 050 776 | Sobre N\u00f3s - V\u00edtor Lemos - V.N. de Famalic\u00e3o\" \/>\n<meta property=\"og:url\" content=\"https:\/\/vitorlemos.pt\/index.php\/sobre-nos\/\" \/>\n<meta property=\"og:site_name\" content=\"Vitor Lemos Terapias\" \/>\n<meta property=\"article:modified_time\" content=\"2024-02-21T20:58:53+00:00\" \/>\n<meta property=\"og:image\" content=\"http:\/\/vitorlemos.pt\/wp-content\/uploads\/2024\/02\/49c0a186-01aa-4004-ae89-2981d5221dc5-733x1024.jpg\" \/>\n<meta name=\"twitter:card\" content=\"summary_large_image\" \/>\n<meta name=\"twitter:label1\" content=\"Est. reading time\" \/>\n\t<meta name=\"twitter:data1\" content=\"2 minutes\" \/>\n<script type=\"application\/ld+json\" class=\"yoast-schema-graph\">{\"@context\":\"https:\/\/schema.org\",\"@graph\":[{\"@type\":\"WebPage\",\"@id\":\"https:\/\/vitorlemos.pt\/index.php\/sobre-nos\/\",\"url\":\"https:\/\/vitorlemos.pt\/index.php\/sobre-nos\/\",\"name\":\"Sobre N\u00f3s - V\u00edtor Lemos - V.N. de Famalic\u00e3o\",\"isPartOf\":{\"@id\":\"https:\/\/vitorlemos.pt\/#website\"},\"datePublished\":\"2023-12-16T07:46:47+00:00\",\"dateModified\":\"2024-02-21T20:58:53+00:00\",\"description\":\"Rua Maria Seara, 277 LJ 3 Igreja Esmeriz V.N. de Famalic\u00e3o | 914 050 776 | Sobre N\u00f3s - V\u00edtor Lemos - V.N. de Famalic\u00e3o\",\"breadcrumb\":{\"@id\":\"https:\/\/vitorlemos.pt\/index.php\/sobre-nos\/#breadcrumb\"},\"inLanguage\":\"en-US\",\"potentialAction\":[{\"@type\":\"ReadAction\",\"target\":[\"https:\/\/vitorlemos.pt\/index.php\/sobre-nos\/\"]}]},{\"@type\":\"BreadcrumbList\",\"@id\":\"https:\/\/vitorlemos.pt\/index.php\/sobre-nos\/#breadcrumb\",\"itemListElement\":[{\"@type\":\"ListItem\",\"position\":1,\"name\":\"Home\",\"item\":\"https:\/\/vitorlemos.pt\/\"},{\"@type\":\"ListItem\",\"position\":2,\"name\":\"Sobre N\u00f3s\"}]},{\"@type\":\"WebSite\",\"@id\":\"https:\/\/vitorlemos.pt\/#website\",\"url\":\"https:\/\/vitorlemos.pt\/\",\"name\":\"Vitor Lemos Terapias\",\"description\":\"Rua Maria Seara, 277 LJ 3 Igreja Esmeriz V.N. de Famalic\u00e3o | 914 050 776 | Osteopatia | Osteopata em Famalic\u00e3o | Osteopatia visceral | Sacro craniana | Massagem recupera\u00e7\u00e3o\",\"publisher\":{\"@id\":\"https:\/\/vitorlemos.pt\/#organization\"},\"alternateName\":\"Vitor Lemos Osteopata\",\"potentialAction\":[{\"@type\":\"SearchAction\",\"target\":{\"@type\":\"EntryPoint\",\"urlTemplate\":\"https:\/\/vitorlemos.pt\/?s={search_term_string}\"},\"query-input\":\"required name=search_term_string\"}],\"inLanguage\":\"en-US\"},{\"@type\":\"Organization\",\"@id\":\"https:\/\/vitorlemos.pt\/#organization\",\"name\":\"Vitor Lemos Terapias\",\"alternateName\":\"Vitor Lemos Osteopata\",\"url\":\"https:\/\/vitorlemos.pt\/\",\"logo\":{\"@type\":\"ImageObject\",\"inLanguage\":\"en-US\",\"@id\":\"https:\/\/vitorlemos.pt\/#\/schema\/logo\/image\/\",\"url\":\"http:\/\/vitorlemos.pt\/wp-content\/uploads\/2023\/12\/logo.png\",\"contentUrl\":\"http:\/\/vitorlemos.pt\/wp-content\/uploads\/2023\/12\/logo.png\",\"width\":650,\"height\":384,\"caption\":\"Vitor Lemos Terapias\"},\"image\":{\"@id\":\"https:\/\/vitorlemos.pt\/#\/schema\/logo\/image\/\"}}]}<\/script>\n<!-- \/ Yoast SEO plugin. -->","yoast_head_json":{"title":"Sobre N\u00f3s - V\u00edtor Lemos - V.N. de Famalic\u00e3o","description":"Rua Maria Seara, 277 LJ 3 Igreja Esmeriz V.N. de Famalic\u00e3o | 914 050 776 | Sobre N\u00f3s - V\u00edtor Lemos - V.N. de Famalic\u00e3o","robots":{"index":"index","follow":"follow","max-snippet":"max-snippet:-1","max-image-preview":"max-image-preview:large","max-video-preview":"max-video-preview:-1"},"canonical":"https:\/\/vitorlemos.pt\/index.php\/sobre-nos\/","og_locale":"en_US","og_type":"article","og_title":"Sobre N\u00f3s - V\u00edtor Lemos - V.N. de Famalic\u00e3o","og_description":"Rua Maria Seara, 277 LJ 3 Igreja Esmeriz V.N. de Famalic\u00e3o | 914 050 776 | Sobre N\u00f3s - V\u00edtor Lemos - V.N. de Famalic\u00e3o","og_url":"https:\/\/vitorlemos.pt\/index.php\/sobre-nos\/","og_site_name":"Vitor Lemos Terapias","article_modified_time":"2024-02-21T20:58:53+00:00","og_image":[{"url":"http:\/\/vitorlemos.pt\/wp-content\/uploads\/2024\/02\/49c0a186-01aa-4004-ae89-2981d5221dc5-733x1024.jpg"}],"twitter_card":"summary_large_image","twitter_misc":{"Est. reading time":"2 minutes"},"schema":{"@context":"https:\/\/schema.org","@graph":[{"@type":"WebPage","@id":"https:\/\/vitorlemos.pt\/index.php\/sobre-nos\/","url":"https:\/\/vitorlemos.pt\/index.php\/sobre-nos\/","name":"Sobre N\u00f3s - V\u00edtor Lemos - V.N. de Famalic\u00e3o","isPartOf":{"@id":"https:\/\/vitorlemos.pt\/#website"},"datePublished":"2023-12-16T07:46:47+00:00","dateModified":"2024-02-21T20:58:53+00:00","description":"Rua Maria Seara, 277 LJ 3 Igreja Esmeriz V.N. de Famalic\u00e3o | 914 050 776 | Sobre N\u00f3s - V\u00edtor Lemos - V.N. de Famalic\u00e3o","breadcrumb":{"@id":"https:\/\/vitorlemos.pt\/index.php\/sobre-nos\/#breadcrumb"},"inLanguage":"en-US","potentialAction":[{"@type":"ReadAction","target":["https:\/\/vitorlemos.pt\/index.php\/sobre-nos\/"]}]},{"@type":"BreadcrumbList","@id":"https:\/\/vitorlemos.pt\/index.php\/sobre-nos\/#breadcrumb","itemListElement":[{"@type":"ListItem","position":1,"name":"Home","item":"https:\/\/vitorlemos.pt\/"},{"@type":"ListItem","position":2,"name":"Sobre N\u00f3s"}]},{"@type":"WebSite","@id":"https:\/\/vitorlemos.pt\/#website","url":"https:\/\/vitorlemos.pt\/","name":"Vitor Lemos Terapias","description":"Rua Maria Seara, 277 LJ 3 Igreja Esmeriz V.N. de Famalic\u00e3o | 914 050 776 | Osteopatia | Osteopata em Famalic\u00e3o | Osteopatia visceral | Sacro craniana | Massagem recupera\u00e7\u00e3o","publisher":{"@id":"https:\/\/vitorlemos.pt\/#organization"},"alternateName":"Vitor Lemos Osteopata","potentialAction":[{"@type":"SearchAction","target":{"@type":"EntryPoint","urlTemplate":"https:\/\/vitorlemos.pt\/?s={search_term_string}"},"query-input":"required name=search_term_string"}],"inLanguage":"en-US"},{"@type":"Organization","@id":"https:\/\/vitorlemos.pt\/#organization","name":"Vitor Lemos Terapias","alternateName":"Vitor Lemos Osteopata","url":"https:\/\/vitorlemos.pt\/","logo":{"@type":"ImageObject","inLanguage":"en-US","@id":"https:\/\/vitorlemos.pt\/#\/schema\/logo\/image\/","url":"http:\/\/vitorlemos.pt\/wp-content\/uploads\/2023\/12\/logo.png","contentUrl":"http:\/\/vitorlemos.pt\/wp-content\/uploads\/2023\/12\/logo.png","width":650,"height":384,"caption":"Vitor Lemos Terapias"},"image":{"@id":"https:\/\/vitorlemos.pt\/#\/schema\/logo\/image\/"}}]}},"_links":{"self":[{"href":"https:\/\/vitorlemos.pt\/index.php\/wp-json\/wp\/v2\/pages\/148"}],"collection":[{"href":"https:\/\/vitorlemos.pt\/index.php\/wp-json\/wp\/v2\/pages"}],"about":[{"href":"https:\/\/vitorlemos.pt\/index.php\/wp-json\/wp\/v2\/types\/page"}],"author":[{"embeddable":true,"href":"https:\/\/vitorlemos.pt\/index.php\/wp-json\/wp\/v2\/users\/1"}],"replies":[{"embeddable":true,"href":"https:\/\/vitorlemos.pt\/index.php\/wp-json\/wp\/v2\/comments?post=148"}],"version-history":[{"count":176,"href":"https:\/\/vitorlemos.pt\/index.php\/wp-json\/wp\/v2\/pages\/148\/revisions"}],"predecessor-version":[{"id":1516,"href":"https:\/\/vitorlemos.pt\/index.php\/wp-json\/wp\/v2\/pages\/148\/revisions\/1516"}],"wp:attachment":[{"href":"https:\/\/vitorlemos.pt\/index.php\/wp-json\/wp\/v2\/media?parent=148"}],"curies":[{"name":"wp","href":"https:\/\/api.w.org\/{rel}","templated":true}]}}